{"id":5422,"date":"2017-09-18T14:19:19","date_gmt":"2017-09-18T12:19:19","guid":{"rendered":"https:\/\/lycea.fr\/courtier\/?page_id=5422"},"modified":"2022-05-05T10:03:16","modified_gmt":"2022-05-05T08:03:16","slug":"courtier-grossiste-assurance","status":"publish","type":"page","link":"https:\/\/lycea.fr\/courtier\/courtier-grossiste-assurance\/","title":{"rendered":"Courtier grossiste en assurance"},"content":{"rendered":"<div class=\"wpb-content-wrapper\">[vc_row content_placement=\u00a0\u00bbmiddle\u00a0\u00bb el_class=\u00a0\u00bbslider-accueil\u00a0\u00bb css=\u00a0\u00bb.vc_custom_1624001727476{background-image: url(https:\/\/mlqypjg5vbew.i.optimole.com\/w:auto\/h:auto\/q:mauto\/ig:avif\/https:\/\/lycea.fr\/courtier\/wp-content\/uploads\/2017\/08\/stock.jpg?id=4732) !important;background-position: center !important;background-repeat: no-repeat !important;background-size: cover !important;}\u00a0\u00bb][vc_column][\/vc_column][\/vc_row][vc_row content_placement=\u00a0\u00bbmiddle\u00a0\u00bb equal_height=\u00a0\u00bbyes\u00a0\u00bb max_width=\u00a0\u00bb80&Prime;][vc_column][vc_empty_space height=\u00a0\u00bb30px\u00a0\u00bb][vc_row_inner][vc_column_inner width=\u00a0\u00bb1\/2&Prime;][vc_column_text text_align=\u00a0\u00bbleft\u00a0\u00bb color=\u00a0\u00bb#ffffff\u00a0\u00bb]<a class=\"button-interne\" href=\"https:\/\/ssl.agilys.io\/WD260AWP\/WD260Awp.exe\/CONNECT\/AssurWeb\" target=\"_blank\" rel=\"noopener\">ESPACE <em><strong>CLIENTS<\/strong><\/em><\/a>[\/vc_column_text][vc_empty_space height=\u00a0\u00bb30px\u00a0\u00bb][\/vc_column_inner][vc_column_inner width=\u00a0\u00bb1\/2&Prime;][vc_empty_space height=\u00a0\u00bb20px\u00a0\u00bb][vc_column_text]\n<p style=\"text-align: right;\">\n[\/vc_column_text][vc_empty_space height=\u00a0\u00bb30px\u00a0\u00bb][\/vc_column_inner][\/vc_row_inner][\/vc_column][\/vc_row][vc_row max_width=\u00a0\u00bb80&Prime;][vc_column][vc_row_inner][vc_column_inner width=\u00a0\u00bb2\/3&Prime;][vc_column_text color=\u00a0\u00bb#0a0a0a\u00a0\u00bb]\n<h1 style=\"text-align: right;\">COURTIER GROSSISTE EN ASSURANCE ET AGENT SOUSCRIPTEUR :<br \/>\n<strong><span style=\"color: #f37021;\">2 METIERS SOUVENT CONFONDUS<\/span><\/strong><\/h1>\n[\/vc_column_text][vc_separator color=\u00a0\u00bbcustom\u00a0\u00bb align=\u00a0\u00bbalign_right\u00a0\u00bb border_width=\u00a0\u00bb2&Prime; el_width=\u00a0\u00bb30&Prime; accent_color=\u00a0\u00bb#e98011&Prime; css=\u00a0\u00bb.vc_custom_1623759426416{padding-top: 25px !important;padding-bottom: 25px !important;}\u00a0\u00bb][vc_empty_space height=\u00a0\u00bb20px\u00a0\u00bb][vc_column_text]\n<p style=\"text-align: justify;\">Il n\u2019est pas toujours ais\u00e9 de comprendre la diff\u00e9rence entre un AGENT SOUSCRIPTEUR et un COURTIER GROSSISTE EN ASSURANCE;<br \/>\nCette difficult\u00e9 s\u2019explique par la place qu\u2019occupent ces deux interm\u00e9diaires dans le march\u00e9 de l&rsquo;assurance. En effet, le COURTIER GROSSISTE comme l\u2019AGENT SOUSCRIPTEUR se situent dans la cha\u00eene de valeur assurantielle entre la Compagnie d\u2019Assurance et l\u2019Apporteur, (Courtier, Agent\u2026)<br \/>\nEn cons\u00e9quence, l\u2019AGENT SOUSCRIPTEUR et le COURTIER GROSSISTE ASSURANCE peuvent \u00eatre confondus.<\/p>\n<p style=\"text-align: justify;\">Le m\u00e9tier d\u2019 AGENT SOUSCRIPTEUR est m\u00e9connu contrairement \u00e0 celui de COURTIER GROSSISTE. Il est pourtant plus ancien que ce-dernier puisqu\u2019il remonte au XVIII\u00e8me si\u00e8cle en France. Traditionnellement, l\u2019AGENT SOUSCRIPTEUR intervenait sur les risques \u00ab Maritimes et Transports \u00bb. Aujourd\u2019hui il peut obtenir des mandats de Compagnies dans des domaines aussi vari\u00e9s que le dommages aux biens, la construction ou les risques sp\u00e9ciaux, avec une pr\u00e9f\u00e9rence pour les risques difficiles \u00e0 assurer. L\u2019AGENT SOUSCRIPTEUR est clairement d\u00e9fini comme le Mandataire de la ou des Compagnies dont il d\u00e9tient un mandat. L\u2019AGENT SOUSCRIPTEUR <strong>a de larges pouvoirs tant pour la tarification, la souscription et la gestion des polices d\u2019assurance et le r\u00e8glement des sinistres<\/strong>. En outre, <strong>il se substitue aux compagnies d\u2019assurances en sa qualit\u00e9 d\u2019Agent multi-compagnies<\/strong>.<\/p>\n<p style=\"text-align: justify;\">Le COURTIER GROSSISTE EN ASSURANCE a un statut de courtier c\u2019est-\u00e0-dire qu\u2019il est mandataire de l\u2019assur\u00e9. De plus il b\u00e9n\u00e9ficie g\u00e9n\u00e9ralement de mandats de compagnies qui lui permettent d\u2019avoir des pouvoirs similaires \u00e0 ceux des AGENTS SOUSCRIPTEURS. Il peut faire partie d&rsquo;un r\u00e9seau de courtiers.<\/p>\n<p style=\"text-align: justify;\">Les pouvoirs ainsi accord\u00e9s permettent aux COURTIERS GROSSISTES comme aux AGENTS SOUSCRIPTEURS d\u2019\u00e9laborer une solution d\u2019assurance dans un ou plusieurs domaines de comp\u00e9tence pr\u00e9cis, et d\u2019apporter aux courtiers comme \u00e0 leurs clients une expertise technique qui constitue une r\u00e9elle valeur ajout\u00e9e. Les compagnies d\u2019assurance y trouvent de leur c\u00f4t\u00e9 une solution souple et peu co\u00fbteuse pour d\u00e9velopper leur activit\u00e9 sans investissement significatif.<\/p>\n<p style=\"text-align: justify;\">COURTIER GROSSISTE ASSURANCE ou AGENT SOUSCRIPTEUR, peu importe : Le but reste d\u2019offrir aux apporteurs le meilleur service, des produits d&rsquo;assurance et des solutions originales, afin de satisfaire les int\u00e9r\u00eats de leurs clients.<\/p>\n[\/vc_column_text][vc_empty_space height=\u00a0\u00bb40px\u00a0\u00bb][\/vc_column_inner][vc_column_inner width=\u00a0\u00bb1\/3&Prime;]<style>.vcex-button.vcex_69ecd966bbf4e{border-radius:0px;width:100%;padding:20px;font-weight:200;}<\/style><div class=\"theme-button-wrap textcenter wpex-clr\"><a href=\"https:\/\/lycea.fr\/courtier\/nos-solutions\/\" class=\"vcex-button theme-button small align-center inline bouton-devis wpex-flex-shrink-0 vcex_69ecd966bbf4e\"><span class=\"vcex-button-inner theme-button-inner wpex-flex wpex-flex-wrap wpex-items-center wpex-justify-center\">VOIR TOUTES NOS SOLUTIONS<\/span><\/a><\/div> [vc_empty_space height=\u00a0\u00bb40px\u00a0\u00bb][\/vc_column_inner][\/vc_row_inner][\/vc_column][\/vc_row]\n<\/div>","protected":false},"excerpt":{"rendered":"<p>[vc_row content_placement=\u00a0\u00bbmiddle\u00a0\u00bb el_class=\u00a0\u00bbslider-accueil\u00a0\u00bb css=\u00a0\u00bb.vc_custom_1624001727476{background-image: url(https:\/\/mlqypjg5vbew.i.optimole.com\/w:auto\/h:auto\/q:mauto\/ig:avif\/https:\/\/lycea.fr\/courtier\/wp-content\/uploads\/2017\/08\/stock.jpg?id=4732) !important;background-position: center !important;background-repeat: no-repeat !important;background-size: cover !important;}\u00a0\u00bb][vc_column][\/vc_column][\/vc_row][vc_row content_placement=\u00a0\u00bbmiddle\u00a0\u00bb equal_height=\u00a0\u00bbyes\u00a0\u00bb max_width=\u00a0\u00bb80&Prime;][vc_column][vc_empty_space height=\u00a0\u00bb30px\u00a0\u00bb][vc_row_inner][vc_column_inner width=\u00a0\u00bb1\/2&Prime;][vc_column_text text_align=\u00a0\u00bbleft\u00a0\u00bb color=\u00a0\u00bb#ffffff\u00a0\u00bb]ESPACE CLIENTS[\/vc_column_text][vc_empty_space height=\u00a0\u00bb30px\u00a0\u00bb][\/vc_column_inner][vc_column_inner width=\u00a0\u00bb1\/2&Prime;][vc_empty_space height=\u00a0\u00bb20px\u00a0\u00bb][vc_column_text] [\/vc_column_text][vc_empty_space height=\u00a0\u00bb30px\u00a0\u00bb][\/vc_column_inner][\/vc_row_inner][\/vc_column][\/vc_row][vc_row max_width=\u00a0\u00bb80&Prime;][vc_column][vc_row_inner][vc_column_inner width=\u00a0\u00bb2\/3&Prime;][vc_column_text color=\u00a0\u00bb#0a0a0a\u00a0\u00bb] COURTIER GROSSISTE EN ASSURANCE ET AGENT SOUSCRIPTEUR : 2 METIERS SOUVENT CONFONDUS [\/vc_column_text][vc_separator color=\u00a0\u00bbcustom\u00a0\u00bb align=\u00a0\u00bbalign_right\u00a0\u00bb border_width=\u00a0\u00bb2&Prime; el_width=\u00a0\u00bb30&Prime; accent_color=\u00a0\u00bb#e98011&Prime; css=\u00a0\u00bb.vc_custom_1623759426416{padding-top: 25px !important;padding-bottom: 25px !important;}\u00a0\u00bb][vc_empty_space height=\u00a0\u00bb20px\u00a0\u00bb][vc_column_text] Il n\u2019est pas&hellip;<\/p>\n","protected":false},"author":4,"featured_media":0,"parent":0,"menu_order":0,"comment_status":"closed","ping_status":"closed","template":"","meta":{"footnotes":""},"class_list":["post-5422","page","type-page","status-publish","hentry","entry","no-media"],"yoast_head":"<!-- This site is optimized with the Yoast SEO plugin v27.2 - https:\/\/yoast.com\/product\/yoast-seo-wordpress\/ -->\n<title>Courtier grossiste en assurance - Lyc\u00e9a Courtier<\/title>\n<meta name=\"robots\" content=\"index, follow, max-snippet:-1, max-image-preview:large, max-video-preview:-1\" \/>\n<link rel=\"canonical\" href=\"https:\/\/lycea.fr\/courtier\/courtier-grossiste-assurance\/\" \/>\n<meta property=\"og:locale\" content=\"fr_FR\" \/>\n<meta property=\"og:type\" content=\"article\" \/>\n<meta property=\"og:title\" content=\"Courtier grossiste en assurance - Lyc\u00e9a Courtier\" \/>\n<meta property=\"og:description\" content=\"[vc_row content_placement=\u00a0\u00bbmiddle\u00a0\u00bb el_class=\u00a0\u00bbslider-accueil\u00a0\u00bb css=\u00a0\u00bb.vc_custom_1624001727476{background-image: url(https:\/\/mlqypjg5vbew.i.optimole.com\/w:auto\/h:auto\/q:mauto\/ig:avif\/https:\/\/lycea.fr\/courtier\/wp-content\/uploads\/2017\/08\/stock.jpg?id=4732) !important;background-position: center !important;background-repeat: no-repeat !important;background-size: cover !important;}\u00a0\u00bb][vc_column][\/vc_column][\/vc_row][vc_row content_placement=\u00a0\u00bbmiddle\u00a0\u00bb equal_height=\u00a0\u00bbyes\u00a0\u00bb max_width=\u00a0\u00bb80&Prime;][vc_column][vc_empty_space height=\u00a0\u00bb30px\u00a0\u00bb][vc_row_inner][vc_column_inner width=\u00a0\u00bb1\/2&Prime;][vc_column_text text_align=\u00a0\u00bbleft\u00a0\u00bb color=\u00a0\u00bb#ffffff\u00a0\u00bb]ESPACE CLIENTS[\/vc_column_text][vc_empty_space height=\u00a0\u00bb30px\u00a0\u00bb][\/vc_column_inner][vc_column_inner width=\u00a0\u00bb1\/2&Prime;][vc_empty_space height=\u00a0\u00bb20px\u00a0\u00bb][vc_column_text] [\/vc_column_text][vc_empty_space height=\u00a0\u00bb30px\u00a0\u00bb][\/vc_column_inner][\/vc_row_inner][\/vc_column][\/vc_row][vc_row max_width=\u00a0\u00bb80&Prime;][vc_column][vc_row_inner][vc_column_inner width=\u00a0\u00bb2\/3&Prime;][vc_column_text color=\u00a0\u00bb#0a0a0a\u00a0\u00bb] COURTIER GROSSISTE EN ASSURANCE ET AGENT SOUSCRIPTEUR : 2 METIERS SOUVENT CONFONDUS [\/vc_column_text][vc_separator color=\u00a0\u00bbcustom\u00a0\u00bb align=\u00a0\u00bbalign_right\u00a0\u00bb border_width=\u00a0\u00bb2&Prime; el_width=\u00a0\u00bb30&Prime; accent_color=\u00a0\u00bb#e98011&Prime; css=\u00a0\u00bb.vc_custom_1623759426416{padding-top: 25px !important;padding-bottom: 25px !important;}\u00a0\u00bb][vc_empty_space height=\u00a0\u00bb20px\u00a0\u00bb][vc_column_text] Il n\u2019est pas&hellip;\" \/>\n<meta property=\"og:url\" content=\"https:\/\/lycea.fr\/courtier\/courtier-grossiste-assurance\/\" \/>\n<meta property=\"og:site_name\" content=\"Lyc\u00e9a Courtier\" \/>\n<meta property=\"article:modified_time\" content=\"2022-05-05T08:03:16+00:00\" \/>\n<meta name=\"twitter:card\" content=\"summary_large_image\" \/>\n<meta name=\"twitter:label1\" content=\"Dur\u00e9e de lecture estim\u00e9e\" \/>\n\t<meta name=\"twitter:data1\" content=\"3 minutes\" \/>\n<script type=\"application\/ld+json\" class=\"yoast-schema-graph\">{\"@context\":\"https:\/\/schema.org\",\"@graph\":[{\"@type\":\"WebPage\",\"@id\":\"https:\/\/lycea.fr\/courtier\/courtier-grossiste-assurance\/\",\"url\":\"https:\/\/lycea.fr\/courtier\/courtier-grossiste-assurance\/\",\"name\":\"Courtier grossiste en assurance - Lyc\u00e9a Courtier\",\"isPartOf\":{\"@id\":\"https:\/\/lycea.fr\/courtier\/#website\"},\"datePublished\":\"2017-09-18T12:19:19+00:00\",\"dateModified\":\"2022-05-05T08:03:16+00:00\",\"breadcrumb\":{\"@id\":\"https:\/\/lycea.fr\/courtier\/courtier-grossiste-assurance\/#breadcrumb\"},\"inLanguage\":\"fr-FR\",\"potentialAction\":[{\"@type\":\"ReadAction\",\"target\":[\"https:\/\/lycea.fr\/courtier\/courtier-grossiste-assurance\/\"]}]},{\"@type\":\"BreadcrumbList\",\"@id\":\"https:\/\/lycea.fr\/courtier\/courtier-grossiste-assurance\/#breadcrumb\",\"itemListElement\":[{\"@type\":\"ListItem\",\"position\":1,\"name\":\"Accueil\",\"item\":\"https:\/\/lycea.fr\/courtier\/\"},{\"@type\":\"ListItem\",\"position\":2,\"name\":\"Courtier grossiste en assurance\"}]},{\"@type\":\"WebSite\",\"@id\":\"https:\/\/lycea.fr\/courtier\/#website\",\"url\":\"https:\/\/lycea.fr\/courtier\/\",\"name\":\"Lyc\u00e9a Courtier\",\"description\":\"Agent souscripteur en assurances\",\"publisher\":{\"@id\":\"https:\/\/lycea.fr\/courtier\/#organization\"},\"potentialAction\":[{\"@type\":\"SearchAction\",\"target\":{\"@type\":\"EntryPoint\",\"urlTemplate\":\"https:\/\/lycea.fr\/courtier\/?s={search_term_string}\"},\"query-input\":{\"@type\":\"PropertyValueSpecification\",\"valueRequired\":true,\"valueName\":\"search_term_string\"}}],\"inLanguage\":\"fr-FR\"},{\"@type\":\"Organization\",\"@id\":\"https:\/\/lycea.fr\/courtier\/#organization\",\"name\":\"Lyc\u00e9a Courtier\",\"url\":\"https:\/\/lycea.fr\/courtier\/\",\"logo\":{\"@type\":\"ImageObject\",\"inLanguage\":\"fr-FR\",\"@id\":\"https:\/\/lycea.fr\/courtier\/#\/schema\/logo\/image\/\",\"url\":\"https:\/\/mlqypjg5vbew.i.optimole.com\/w:auto\/h:auto\/q:mauto\/ig:avif\/https:\/\/lycea.fr\/courtier\/wp-content\/uploads\/2021\/06\/logo-lycea.png\",\"contentUrl\":\"https:\/\/mlqypjg5vbew.i.optimole.com\/w:auto\/h:auto\/q:mauto\/ig:avif\/https:\/\/lycea.fr\/courtier\/wp-content\/uploads\/2021\/06\/logo-lycea.png\",\"width\":324,\"height\":116,\"caption\":\"Lyc\u00e9a Courtier\"},\"image\":{\"@id\":\"https:\/\/lycea.fr\/courtier\/#\/schema\/logo\/image\/\"}}]}<\/script>\n<!-- \/ Yoast SEO plugin. -->","yoast_head_json":{"title":"Courtier grossiste en assurance - Lyc\u00e9a Courtier","robots":{"index":"index","follow":"follow","max-snippet":"max-snippet:-1","max-image-preview":"max-image-preview:large","max-video-preview":"max-video-preview:-1"},"canonical":"https:\/\/lycea.fr\/courtier\/courtier-grossiste-assurance\/","og_locale":"fr_FR","og_type":"article","og_title":"Courtier grossiste en assurance - Lyc\u00e9a Courtier","og_description":"[vc_row content_placement=\u00a0\u00bbmiddle\u00a0\u00bb el_class=\u00a0\u00bbslider-accueil\u00a0\u00bb css=\u00a0\u00bb.vc_custom_1624001727476{background-image: url(https:\/\/mlqypjg5vbew.i.optimole.com\/w:auto\/h:auto\/q:mauto\/ig:avif\/https:\/\/lycea.fr\/courtier\/wp-content\/uploads\/2017\/08\/stock.jpg?id=4732) !important;background-position: center !important;background-repeat: no-repeat !important;background-size: cover !important;}\u00a0\u00bb][vc_column][\/vc_column][\/vc_row][vc_row content_placement=\u00a0\u00bbmiddle\u00a0\u00bb equal_height=\u00a0\u00bbyes\u00a0\u00bb max_width=\u00a0\u00bb80&Prime;][vc_column][vc_empty_space height=\u00a0\u00bb30px\u00a0\u00bb][vc_row_inner][vc_column_inner width=\u00a0\u00bb1\/2&Prime;][vc_column_text text_align=\u00a0\u00bbleft\u00a0\u00bb color=\u00a0\u00bb#ffffff\u00a0\u00bb]ESPACE CLIENTS[\/vc_column_text][vc_empty_space height=\u00a0\u00bb30px\u00a0\u00bb][\/vc_column_inner][vc_column_inner width=\u00a0\u00bb1\/2&Prime;][vc_empty_space height=\u00a0\u00bb20px\u00a0\u00bb][vc_column_text] [\/vc_column_text][vc_empty_space height=\u00a0\u00bb30px\u00a0\u00bb][\/vc_column_inner][\/vc_row_inner][\/vc_column][\/vc_row][vc_row max_width=\u00a0\u00bb80&Prime;][vc_column][vc_row_inner][vc_column_inner width=\u00a0\u00bb2\/3&Prime;][vc_column_text color=\u00a0\u00bb#0a0a0a\u00a0\u00bb] COURTIER GROSSISTE EN ASSURANCE ET AGENT SOUSCRIPTEUR : 2 METIERS SOUVENT CONFONDUS [\/vc_column_text][vc_separator color=\u00a0\u00bbcustom\u00a0\u00bb align=\u00a0\u00bbalign_right\u00a0\u00bb border_width=\u00a0\u00bb2&Prime; el_width=\u00a0\u00bb30&Prime; accent_color=\u00a0\u00bb#e98011&Prime; css=\u00a0\u00bb.vc_custom_1623759426416{padding-top: 25px !important;padding-bottom: 25px !important;}\u00a0\u00bb][vc_empty_space height=\u00a0\u00bb20px\u00a0\u00bb][vc_column_text] Il n\u2019est pas&hellip;","og_url":"https:\/\/lycea.fr\/courtier\/courtier-grossiste-assurance\/","og_site_name":"Lyc\u00e9a Courtier","article_modified_time":"2022-05-05T08:03:16+00:00","twitter_card":"summary_large_image","twitter_misc":{"Dur\u00e9e de lecture estim\u00e9e":"3 minutes"},"schema":{"@context":"https:\/\/schema.org","@graph":[{"@type":"WebPage","@id":"https:\/\/lycea.fr\/courtier\/courtier-grossiste-assurance\/","url":"https:\/\/lycea.fr\/courtier\/courtier-grossiste-assurance\/","name":"Courtier grossiste en assurance - Lyc\u00e9a Courtier","isPartOf":{"@id":"https:\/\/lycea.fr\/courtier\/#website"},"datePublished":"2017-09-18T12:19:19+00:00","dateModified":"2022-05-05T08:03:16+00:00","breadcrumb":{"@id":"https:\/\/lycea.fr\/courtier\/courtier-grossiste-assurance\/#breadcrumb"},"inLanguage":"fr-FR","potentialAction":[{"@type":"ReadAction","target":["https:\/\/lycea.fr\/courtier\/courtier-grossiste-assurance\/"]}]},{"@type":"BreadcrumbList","@id":"https:\/\/lycea.fr\/courtier\/courtier-grossiste-assurance\/#breadcrumb","itemListElement":[{"@type":"ListItem","position":1,"name":"Accueil","item":"https:\/\/lycea.fr\/courtier\/"},{"@type":"ListItem","position":2,"name":"Courtier grossiste en assurance"}]},{"@type":"WebSite","@id":"https:\/\/lycea.fr\/courtier\/#website","url":"https:\/\/lycea.fr\/courtier\/","name":"Lyc\u00e9a Courtier","description":"Agent souscripteur en assurances","publisher":{"@id":"https:\/\/lycea.fr\/courtier\/#organization"},"potentialAction":[{"@type":"SearchAction","target":{"@type":"EntryPoint","urlTemplate":"https:\/\/lycea.fr\/courtier\/?s={search_term_string}"},"query-input":{"@type":"PropertyValueSpecification","valueRequired":true,"valueName":"search_term_string"}}],"inLanguage":"fr-FR"},{"@type":"Organization","@id":"https:\/\/lycea.fr\/courtier\/#organization","name":"Lyc\u00e9a Courtier","url":"https:\/\/lycea.fr\/courtier\/","logo":{"@type":"ImageObject","inLanguage":"fr-FR","@id":"https:\/\/lycea.fr\/courtier\/#\/schema\/logo\/image\/","url":"https:\/\/mlqypjg5vbew.i.optimole.com\/w:auto\/h:auto\/q:mauto\/ig:avif\/https:\/\/lycea.fr\/courtier\/wp-content\/uploads\/2021\/06\/logo-lycea.png","contentUrl":"https:\/\/mlqypjg5vbew.i.optimole.com\/w:auto\/h:auto\/q:mauto\/ig:avif\/https:\/\/lycea.fr\/courtier\/wp-content\/uploads\/2021\/06\/logo-lycea.png","width":324,"height":116,"caption":"Lyc\u00e9a Courtier"},"image":{"@id":"https:\/\/lycea.fr\/courtier\/#\/schema\/logo\/image\/"}}]}},"_links":{"self":[{"href":"https:\/\/lycea.fr\/courtier\/wp-json\/wp\/v2\/pages\/5422","targetHints":{"allow":["GET"]}}],"collection":[{"href":"https:\/\/lycea.fr\/courtier\/wp-json\/wp\/v2\/pages"}],"about":[{"href":"https:\/\/lycea.fr\/courtier\/wp-json\/wp\/v2\/types\/page"}],"author":[{"embeddable":true,"href":"https:\/\/lycea.fr\/courtier\/wp-json\/wp\/v2\/users\/4"}],"replies":[{"embeddable":true,"href":"https:\/\/lycea.fr\/courtier\/wp-json\/wp\/v2\/comments?post=5422"}],"version-history":[{"count":10,"href":"https:\/\/lycea.fr\/courtier\/wp-json\/wp\/v2\/pages\/5422\/revisions"}],"predecessor-version":[{"id":6347,"href":"https:\/\/lycea.fr\/courtier\/wp-json\/wp\/v2\/pages\/5422\/revisions\/6347"}],"wp:attachment":[{"href":"https:\/\/lycea.fr\/courtier\/wp-json\/wp\/v2\/media?parent=5422"}],"curies":[{"name":"wp","href":"https:\/\/api.w.org\/{rel}","templated":true}]}}