{"id":4872,"date":"2017-08-31T10:59:32","date_gmt":"2017-08-31T08:59:32","guid":{"rendered":"https:\/\/lycea.fr\/courtier\/?page_id=4872"},"modified":"2026-02-26T18:11:55","modified_gmt":"2026-02-26T16:11:55","slug":"contact","status":"publish","type":"page","link":"https:\/\/lycea.fr\/courtier\/contact\/","title":{"rendered":"Contact"},"content":{"rendered":"<div class=\"wpb-content-wrapper\">[vc_row][vc_column][vc_gmaps link=\u00a0\u00bb#E-8_JTNDaWZyYW1lJTIwc3JjJTNEJTIyaHR0cHMlM0ElMkYlMkZ3d3cuZ29vZ2xlLmNvbSUyRm1hcHMlMkZlbWJlZCUzRnBiJTNEJTIxMW0xOCUyMTFtMTIlMjExbTMlMjExZDI3ODIuNTY2MjQ2MTM5MTEwNyUyMTJkNC44MDYyODU5MTU1MDcyNDQlMjEzZDQ1Ljc3OTg4MjQyMDM0NDQxNCUyMTJtMyUyMTFmMCUyMTJmMCUyMTNmMCUyMTNtMiUyMTFpMTAyNCUyMTJpNzY4JTIxNGYxMy4xJTIxM20zJTIxMW0yJTIxMXMweDQ3ZjRlYjZiNzczY2ZkMWYlMjUzQTB4ZTI1ODlkM2Y1NDc3NTFlZCUyMTJzNSUyQlF1YWklMkJIaXBwb2x5dGUlMkJKYXlyJTI1MkMlMkI2OTAwOSUyQkx5b24lMjE1ZTAlMjEzbTIlMjExc2ZyJTIxMnNmciUyMTR2MTUwNDE2OTIxMzM0OSUyMiUyMHdpZHRoJTNEJTIyNjAwJTIyJTIwaGVpZ2h0JTNEJTIyNDUwJTIyJTIwZnJhbWVib3JkZXIlM0QlMjIwJTIyJTIwc3R5bGUlM0QlMjJib3JkZXIlM0EwJTIyJTIwYWxsb3dmdWxsc2NyZWVuJTNFJTNDJTJGaWZyYW1lJTNF\u00a0\u00bb size=\u00a0\u00bb400px\u00a0\u00bb][\/vc_column][\/vc_row][vc_row content_placement=\u00a0\u00bbmiddle\u00a0\u00bb equal_height=\u00a0\u00bbyes\u00a0\u00bb max_width=\u00a0\u00bb80&Prime;][vc_column][vc_empty_space height=\u00a0\u00bb30px\u00a0\u00bb][vc_row_inner][vc_column_inner width=\u00a0\u00bb1\/2&Prime;][vc_column_text text_align=\u00a0\u00bbleft\u00a0\u00bb color=\u00a0\u00bb#ffffff\u00a0\u00bb]<a class=\"button-interne\" href=\"https:\/\/ssl.agilys.io\/WD260AWP\/WD260Awp.exe\/CONNECT\/AssurWeb\" target=\"_blank\" rel=\"noopener\">ESPACE <em><strong>CLIENTS<\/strong><\/em><\/a>[\/vc_column_text][vc_empty_space height=\u00a0\u00bb30px\u00a0\u00bb][\/vc_column_inner][vc_column_inner width=\u00a0\u00bb1\/2&Prime;][vc_empty_space height=\u00a0\u00bb20px\u00a0\u00bb][vc_column_text]\n<p style=\"text-align: right;\">\n[\/vc_column_text][vc_empty_space height=\u00a0\u00bb30px\u00a0\u00bb][\/vc_column_inner][\/vc_row_inner][\/vc_column][\/vc_row][vc_row max_width=\u00a0\u00bb80&Prime;][vc_column][vc_row_inner][vc_column_inner width=\u00a0\u00bb1\/2&Prime;][vc_column_text]\n<h2 style=\"text-align: left;\">VOS INTERLOCUTEURS<\/h2>\n[\/vc_column_text][vc_separator color=\u00a0\u00bbcustom\u00a0\u00bb align=\u00a0\u00bbalign_left\u00a0\u00bb el_width=\u00a0\u00bb10&Prime; css=\u00a0\u00bb.vc_custom_1623932963956{padding-top: 25px !important;padding-bottom: 5px !important;}\u00a0\u00bb accent_color=\u00a0\u00bb#a4afb9&Prime;][vc_column_text]\n<h2 style=\"text-align: left;\"><span style=\"font-size: 14px; color: #e98011;\">Vos interlocuteurs commerciaux<\/span><\/h2>\n<p style=\"text-align: left;\"><span style=\"font-size: 12px;\">Anthony TRAVERSE , Associ\u00e9 :\u00a0<\/span><span style=\"font-size: 12px;\"><a href=\"mailto:atraverse@lycea.fr\">atraverse@lycea.fr<\/a><\/span><br \/>\n<span style=\"font-size: 12px;\">J\u00e9r\u00f4me SANNIER, Associ\u00e9 :\u00a0<\/span><span style=\"font-size: 12px;\"><a href=\"mailto:jsannier@lycea.fr\">jsannier@lycea.fr<\/a><\/span><br \/>\n<span style=\"font-size: 12px;\">Anne CADOUX, Inspectrice Commerciale :\u00a0<\/span><span style=\"font-size: 12px;\"><a href=\"mailto:acadoux@lycea.fr\">acadoux@lycea.fr<\/a><\/span><\/p>\n<p style=\"text-align: left;\"><span style=\"font-size: 12px;\">T\u00e9l\u00e9phone : +33 (0)4.72.56.19.99<\/span><br \/>\n<span style=\"font-size: 12px;\">Fax : +33 (0)4.72.56.19.87<\/span><\/p>\n[\/vc_column_text][vc_empty_space height=\u00a0\u00bb20px\u00a0\u00bb][vc_column_text]\n<h2 style=\"text-align: left;\"><span style=\"font-size: 14px; color: #e98011;\">Vos interlocuteurs au service sinistre<\/span><\/h2>\n<p><span style=\"font-size: 12px;\">J\u00e9r\u00f4me SANNIER, Associ\u00e9 :\u00a0<\/span><span style=\"font-size: 12px;\"><a href=\"mailto:jsannier@lycea.fr\">jsannier@lycea.fr<\/a><\/span><br \/>\n<span style=\"font-size: 12px;\">Pierre-Yves BARBIN, R\u00e9dacteur Sinistre :\u00a0<\/span><span style=\"font-size: 12px;\"><a href=\"mailto:pybarbin@lycea.fr\">pybarbin@lycea.fr<\/a><\/span><\/p>\n<p><span style=\"font-size: 12px;\">T\u00e9l\u00e9phone : +33 (0)4.72.56.19.94<\/span><br \/>\n<span style=\"font-size: 12px;\">Fax : +33 (0)4.72.56.19.87<\/span>[\/vc_column_text][vc_empty_space height=\u00a0\u00bb20px\u00a0\u00bb][vc_column_text]\n<h2 style=\"text-align: left;\"><span style=\"font-size: 14px; color: #e98011;\">Vos interlocuteurs au service production \/ Gestion des contrats<\/span><\/h2>\n<p><span style=\"font-size: 12px;\">J\u00e9r\u00f4me SANNIER, Associ\u00e9 :\u00a0<\/span><span style=\"font-size: 12px;\"><a href=\"mailto:jsannier@lycea.fr\">jsannier@lycea.fr<\/a><\/span><br \/>\n<span style=\"font-size: 12px;\">Caroline HABASQUE, R\u00e9dactrice Production :\u00a0<\/span><span style=\"font-size: 12px;\"><a href=\"mailto:chabasque@lycea.fr\">chabasque@lycea.fr<\/a><\/span><\/p>\n<p><span style=\"font-size: 12px;\">T\u00e9l\u00e9phone : +33 (0)4.72.56.19.90<\/span><br \/>\n<span style=\"font-size: 12px;\">Fax : +33 (0)4.72.56.19.87<\/span>[\/vc_column_text][vc_empty_space height=\u00a0\u00bb20px\u00a0\u00bb][vc_column_text css=\u00a0\u00bb.vc_custom_1772122308900{margin-bottom: 20px !important;}\u00a0\u00bb]\n<h2 style=\"text-align: left;\"><span style=\"font-size: 14px; color: #e98011;\">Vos interlocuteurs au service comptabilit\u00e9<\/span><\/h2>\n<p><span style=\"font-size: 12px;\">Virginie DELATTRE, comptable :\u00a0<\/span><span style=\"font-size: 12px;\"><a href=\"mailto:vdelattre@lycea.fr\">vdelattre@lycea.fr<\/a><\/span><br \/>\n<span style=\"font-size: 12px;\">Emmanuelle LYANNAZ \u2013Aide Comptable : <\/span><span style=\"font-size: 12px;\"><a href=\"mailto:elyannaz@lycea.fr\">elyannaz@lycea.fr<\/a><\/span><br \/>\n<span style=\"font-size: 12px;\">T\u00e9l\u00e9phone : +33 (0)4.72.56.19.91<\/span><br \/>\n<span style=\"font-size: 12px;\">Fax : +33 (0)4.72.56.19.87<\/span>[\/vc_column_text][\/vc_column_inner][vc_column_inner width=\u00a0\u00bb1\/2&Prime;][vc_column_text color=\u00a0\u00bb#0a0a0a\u00a0\u00bb]\n<h1 style=\"text-align: right;\">CONTACTER LYCEA<\/h1>\n[\/vc_column_text][vc_separator color=\u00a0\u00bbcustom\u00a0\u00bb align=\u00a0\u00bbalign_right\u00a0\u00bb border_width=\u00a0\u00bb2&Prime; el_width=\u00a0\u00bb30&Prime; css=\u00a0\u00bb.vc_custom_1623916461765{padding-top: 25px !important;padding-bottom: 25px !important;}\u00a0\u00bb accent_color=\u00a0\u00bb#e98011&Prime;][vc_empty_space height=\u00a0\u00bb20px\u00a0\u00bb][vc_column_text css=\u00a0\u00bb\u00a0\u00bb]\n<p style=\"text-align: left;\">5, Quai JAYR &#8211; CS 70 223 &#8211; 69 336 LYON CEDEX 09<br \/>\nT\u00e9l . : 04 72 56 19 99 &#8211; Fax : 04 72 56 19 87<br \/>\n<a href=\"mailto:contact@lycea.fr\">contact@lycea.fr<\/a><\/p>\n[\/vc_column_text][vc_empty_space height=\u00a0\u00bb20px\u00a0\u00bb]\n<div class=\"wpcf7 no-js\" id=\"wpcf7-f4873-o1\" lang=\"fr-FR\" dir=\"ltr\" data-wpcf7-id=\"4873\">\n<div class=\"screen-reader-response\"><p role=\"status\" aria-live=\"polite\" aria-atomic=\"true\"><\/p> <ul><\/ul><\/div>\n<form action=\"\/courtier\/wp-json\/wp\/v2\/pages\/4872#wpcf7-f4873-o1\" method=\"post\" class=\"wpcf7-form init\" aria-label=\"Formulaire de contact\" novalidate=\"novalidate\" data-status=\"init\">\n<fieldset class=\"hidden-fields-container\"><input type=\"hidden\" name=\"_wpcf7\" value=\"4873\" \/><input type=\"hidden\" name=\"_wpcf7_version\" value=\"6.1.5\" \/><input type=\"hidden\" name=\"_wpcf7_locale\" value=\"fr_FR\" \/><input type=\"hidden\" name=\"_wpcf7_unit_tag\" value=\"wpcf7-f4873-o1\" \/><input type=\"hidden\" name=\"_wpcf7_container_post\" value=\"0\" \/><input type=\"hidden\" name=\"_wpcf7_posted_data_hash\" value=\"\" \/><input type=\"hidden\" name=\"_wpcf7_recaptcha_response\" value=\"\" \/>\n<\/fieldset>\n<p class=\"one_column\"><span class=\"wpcf7-form-control-wrap\" data-name=\"societe\"><input size=\"40\" maxlength=\"400\" class=\"wpcf7-form-control wpcf7-text\" aria-invalid=\"false\" placeholder=\"SOCI\u00c9T\u00c9\" value=\"\" type=\"text\" name=\"societe\" \/><\/span>\n<\/p>\n<p class=\"two_column\"><span class=\"wpcf7-form-control-wrap\" data-name=\"nom\"><input size=\"40\" maxlength=\"400\" class=\"wpcf7-form-control wpcf7-text wpcf7-validates-as-required\" aria-required=\"true\" aria-invalid=\"false\" placeholder=\"NOM*\" value=\"\" type=\"text\" name=\"nom\" \/><\/span><span class=\"wpcf7-form-control-wrap\" data-name=\"prenom\"><input size=\"40\" maxlength=\"400\" class=\"wpcf7-form-control wpcf7-text wpcf7-validates-as-required\" aria-required=\"true\" aria-invalid=\"false\" placeholder=\"PRENOM*\" value=\"\" type=\"text\" name=\"prenom\" \/><\/span>\n<\/p>\n<p class=\"two_column\"><span class=\"wpcf7-form-control-wrap\" data-name=\"adresse\"><input size=\"40\" maxlength=\"400\" class=\"wpcf7-form-control wpcf7-text wpcf7-validates-as-required\" aria-required=\"true\" aria-invalid=\"false\" placeholder=\"ADRESSE\" value=\"\" type=\"text\" name=\"adresse\" \/><\/span><span class=\"wpcf7-form-control-wrap\" data-name=\"tel\"><input size=\"40\" maxlength=\"400\" class=\"wpcf7-form-control wpcf7-tel wpcf7-text wpcf7-validates-as-tel\" aria-invalid=\"false\" placeholder=\"TEL\" value=\"\" type=\"tel\" name=\"tel\" \/><\/span>\n<\/p>\n<p class=\"two_column\"><span class=\"wpcf7-form-control-wrap\" data-name=\"email\"><input size=\"40\" maxlength=\"400\" class=\"wpcf7-form-control wpcf7-email wpcf7-validates-as-required wpcf7-text wpcf7-validates-as-email\" aria-required=\"true\" aria-invalid=\"false\" placeholder=\"E-MAIL*\" value=\"\" type=\"email\" name=\"email\" \/><\/span><span class=\"wpcf7-form-control-wrap\" data-name=\"fax\"><input size=\"40\" maxlength=\"400\" class=\"wpcf7-form-control wpcf7-tel wpcf7-text wpcf7-validates-as-tel\" aria-invalid=\"false\" placeholder=\"FAX\" value=\"\" type=\"tel\" name=\"fax\" \/><\/span>\n<\/p>\n<p><span class=\"wpcf7-form-control-wrap\" data-name=\"textarea\"><textarea cols=\"40\" rows=\"10\" maxlength=\"2000\" class=\"wpcf7-form-control wpcf7-textarea wpcf7-validates-as-required\" aria-required=\"true\" aria-invalid=\"false\" placeholder=\"Message\" name=\"textarea\"><\/textarea><\/span>\n<\/p>\n<p style=\"font-size: 10px;\">Les informations recueillies par le LYCEA, en qualit\u00e9 de responsable de traitement, \u00e0 partir de ce formulaire font l\u2019objet d\u2019un traitement informatique destin\u00e9 \u00e0 notre \u00e9quipe souscription, pour la seule finalit\u00e9 de vous faire parvenir un devis. Ces donn\u00e9es sont h\u00e9berg\u00e9es en France et conserv\u00e9es durant une p\u00e9riode maximale de trois (3) ans \u00e0 compter de la date d\u2019envoi du devis sollicit\u00e9., Conform\u00e9ment \u00e0 la loi sur la protection des donn\u00e9es personnelles, vous disposez d'un droit d'acc\u00e8s, de modification, de rectification, d'opposition et de suppression et de portabilit\u00e9 des donn\u00e9es vous concernant en vous adressant \u00e0 l\u2019adresse email suivante : contact@lycea-rs.fr ou \u00e0 l\u2019adresse postale ci-dessus. Pour toute demande, merci de pr\u00e9ciser vos nom, pr\u00e9nom et email et de joindre une copie recto-verso d\u2019un justificatif d\u2019identit\u00e9 en cours de validit\u00e9. En cas de difficult\u00e9 en lien avec la gestion de vos donn\u00e9es personnelles, vous pouvez adresser une r\u00e9clamation aupr\u00e8s de notre direction g\u00e9n\u00e9rale (<a href=\"mailto:jsannier@lycea.fr\">jsannier@lycea.fr<\/a>) ou aupr\u00e8s de la Commission Nationale de l\u2019Informatique et des Libert\u00e9s (CNIL) par courrier (3 Place de Fontenoy - TSA 80715 - 75334 PARIS CEDEX 07), par t\u00e9l\u00e9phone (01 53 73 22 22) ou via le site web : <a href=\"https:\/\/www.cnil.fr\/fr\/cnil-direct\">https:\/\/www.cnil.fr\/fr\/cnil-direct<\/a><br \/>\nVeuillez noter que les informations figurant dans les zones munies d\u2019un ast\u00e9risque (*) sont obligatoires et n\u00e9cessaires au traitement de votre demande. L\u2019absence de r\u00e9ponse \u00e0 un champ obligatoire est susceptible d\u2019entrainer soit une impossibilit\u00e9 d\u2019adresser votre message, soit une r\u00e9ponse erron\u00e9e ou incompl\u00e8te.\n<\/p>\n<p><input class=\"wpcf7-form-control wpcf7-submit has-spinner\" type=\"submit\" value=\"ENVOYER\" \/>\n<\/p><div class=\"wpcf7-response-output\" aria-hidden=\"true\"><\/div>\n<\/form>\n<\/div>\n[\/vc_column_inner][\/vc_row_inner][vc_empty_space height=\u00a0\u00bb40px\u00a0\u00bb][\/vc_column][\/vc_row]\n<\/div>","protected":false},"excerpt":{"rendered":"<p>[vc_row][vc_column][vc_gmaps link=\u00a0\u00bb#E-8_JTNDaWZyYW1lJTIwc3JjJTNEJTIyaHR0cHMlM0ElMkYlMkZ3d3cuZ29vZ2xlLmNvbSUyRm1hcHMlMkZlbWJlZCUzRnBiJTNEJTIxMW0xOCUyMTFtMTIlMjExbTMlMjExZDI3ODIuNTY2MjQ2MTM5MTEwNyUyMTJkNC44MDYyODU5MTU1MDcyNDQlMjEzZDQ1Ljc3OTg4MjQyMDM0NDQxNCUyMTJtMyUyMTFmMCUyMTJmMCUyMTNmMCUyMTNtMiUyMTFpMTAyNCUyMTJpNzY4JTIxNGYxMy4xJTIxM20zJTIxMW0yJTIxMXMweDQ3ZjRlYjZiNzczY2ZkMWYlMjUzQTB4ZTI1ODlkM2Y1NDc3NTFlZCUyMTJzNSUyQlF1YWklMkJIaXBwb2x5dGUlMkJKYXlyJTI1MkMlMkI2OTAwOSUyQkx5b24lMjE1ZTAlMjEzbTIlMjExc2ZyJTIxMnNmciUyMTR2MTUwNDE2OTIxMzM0OSUyMiUyMHdpZHRoJTNEJTIyNjAwJTIyJTIwaGVpZ2h0JTNEJTIyNDUwJTIyJTIwZnJhbWVib3JkZXIlM0QlMjIwJTIyJTIwc3R5bGUlM0QlMjJib3JkZXIlM0EwJTIyJTIwYWxsb3dmdWxsc2NyZWVuJTNFJTNDJTJGaWZyYW1lJTNF\u00a0\u00bb size=\u00a0\u00bb400px\u00a0\u00bb][\/vc_column][\/vc_row][vc_row content_placement=\u00a0\u00bbmiddle\u00a0\u00bb equal_height=\u00a0\u00bbyes\u00a0\u00bb max_width=\u00a0\u00bb80&Prime;][vc_column][vc_empty_space height=\u00a0\u00bb30px\u00a0\u00bb][vc_row_inner][vc_column_inner width=\u00a0\u00bb1\/2&Prime;][vc_column_text text_align=\u00a0\u00bbleft\u00a0\u00bb color=\u00a0\u00bb#ffffff\u00a0\u00bb]ESPACE CLIENTS[\/vc_column_text][vc_empty_space height=\u00a0\u00bb30px\u00a0\u00bb][\/vc_column_inner][vc_column_inner width=\u00a0\u00bb1\/2&Prime;][vc_empty_space height=\u00a0\u00bb20px\u00a0\u00bb][vc_column_text] [\/vc_column_text][vc_empty_space height=\u00a0\u00bb30px\u00a0\u00bb][\/vc_column_inner][\/vc_row_inner][\/vc_column][\/vc_row][vc_row max_width=\u00a0\u00bb80&Prime;][vc_column][vc_row_inner][vc_column_inner width=\u00a0\u00bb1\/2&Prime;][vc_column_text] VOS INTERLOCUTEURS [\/vc_column_text][vc_separator color=\u00a0\u00bbcustom\u00a0\u00bb align=\u00a0\u00bbalign_left\u00a0\u00bb el_width=\u00a0\u00bb10&Prime; css=\u00a0\u00bb.vc_custom_1623932963956{padding-top: 25px !important;padding-bottom: 5px !important;}\u00a0\u00bb accent_color=\u00a0\u00bb#a4afb9&Prime;][vc_column_text] Vos interlocuteurs commerciaux Anthony TRAVERSE , Associ\u00e9 :\u00a0atraverse@lycea.fr J\u00e9r\u00f4me SANNIER, Associ\u00e9 :\u00a0jsannier@lycea.fr Anne CADOUX, Inspectrice Commerciale :\u00a0acadoux@lycea.fr T\u00e9l\u00e9phone : +33 (0)4.72.56.19.99 Fax : +33 (0)4.72.56.19.87&hellip;<\/p>\n","protected":false},"author":4,"featured_media":0,"parent":0,"menu_order":0,"comment_status":"closed","ping_status":"closed","template":"","meta":{"footnotes":""},"class_list":["post-4872","page","type-page","status-publish","hentry","entry","no-media"],"yoast_head":"<!-- This site is optimized with the Yoast SEO plugin v27.2 - https:\/\/yoast.com\/product\/yoast-seo-wordpress\/ -->\n<title>Contact - Lyc\u00e9a Courtier<\/title>\n<meta name=\"description\" content=\"Besoin de conseils ? Contacter-nous\" \/>\n<meta name=\"robots\" content=\"index, follow, max-snippet:-1, max-image-preview:large, max-video-preview:-1\" \/>\n<link rel=\"canonical\" href=\"https:\/\/lycea.fr\/courtier\/contact\/\" \/>\n<meta property=\"og:locale\" content=\"fr_FR\" \/>\n<meta property=\"og:type\" content=\"article\" \/>\n<meta property=\"og:title\" content=\"Contact - Lyc\u00e9a Courtier\" \/>\n<meta property=\"og:description\" content=\"Besoin de conseils ? Contacter-nous\" \/>\n<meta property=\"og:url\" content=\"https:\/\/lycea.fr\/courtier\/contact\/\" \/>\n<meta property=\"og:site_name\" content=\"Lyc\u00e9a Courtier\" \/>\n<meta property=\"article:modified_time\" content=\"2026-02-26T16:11:55+00:00\" \/>\n<meta name=\"twitter:card\" content=\"summary_large_image\" \/>\n<meta name=\"twitter:label1\" content=\"Dur\u00e9e de lecture estim\u00e9e\" \/>\n\t<meta name=\"twitter:data1\" content=\"1 minute\" \/>\n<script type=\"application\/ld+json\" class=\"yoast-schema-graph\">{\"@context\":\"https:\/\/schema.org\",\"@graph\":[{\"@type\":\"WebPage\",\"@id\":\"https:\/\/lycea.fr\/courtier\/contact\/\",\"url\":\"https:\/\/lycea.fr\/courtier\/contact\/\",\"name\":\"Contact - Lyc\u00e9a Courtier\",\"isPartOf\":{\"@id\":\"https:\/\/lycea.fr\/courtier\/#website\"},\"datePublished\":\"2017-08-31T08:59:32+00:00\",\"dateModified\":\"2026-02-26T16:11:55+00:00\",\"description\":\"Besoin de conseils ? Contacter-nous\",\"breadcrumb\":{\"@id\":\"https:\/\/lycea.fr\/courtier\/contact\/#breadcrumb\"},\"inLanguage\":\"fr-FR\",\"potentialAction\":[{\"@type\":\"ReadAction\",\"target\":[\"https:\/\/lycea.fr\/courtier\/contact\/\"]}]},{\"@type\":\"BreadcrumbList\",\"@id\":\"https:\/\/lycea.fr\/courtier\/contact\/#breadcrumb\",\"itemListElement\":[{\"@type\":\"ListItem\",\"position\":1,\"name\":\"Accueil\",\"item\":\"https:\/\/lycea.fr\/courtier\/\"},{\"@type\":\"ListItem\",\"position\":2,\"name\":\"Contact\"}]},{\"@type\":\"WebSite\",\"@id\":\"https:\/\/lycea.fr\/courtier\/#website\",\"url\":\"https:\/\/lycea.fr\/courtier\/\",\"name\":\"Lyc\u00e9a Courtier\",\"description\":\"Agent souscripteur en assurances\",\"publisher\":{\"@id\":\"https:\/\/lycea.fr\/courtier\/#organization\"},\"potentialAction\":[{\"@type\":\"SearchAction\",\"target\":{\"@type\":\"EntryPoint\",\"urlTemplate\":\"https:\/\/lycea.fr\/courtier\/?s={search_term_string}\"},\"query-input\":{\"@type\":\"PropertyValueSpecification\",\"valueRequired\":true,\"valueName\":\"search_term_string\"}}],\"inLanguage\":\"fr-FR\"},{\"@type\":\"Organization\",\"@id\":\"https:\/\/lycea.fr\/courtier\/#organization\",\"name\":\"Lyc\u00e9a Courtier\",\"url\":\"https:\/\/lycea.fr\/courtier\/\",\"logo\":{\"@type\":\"ImageObject\",\"inLanguage\":\"fr-FR\",\"@id\":\"https:\/\/lycea.fr\/courtier\/#\/schema\/logo\/image\/\",\"url\":\"https:\/\/mlqypjg5vbew.i.optimole.com\/w:auto\/h:auto\/q:mauto\/ig:avif\/https:\/\/lycea.fr\/courtier\/wp-content\/uploads\/2021\/06\/logo-lycea.png\",\"contentUrl\":\"https:\/\/mlqypjg5vbew.i.optimole.com\/w:auto\/h:auto\/q:mauto\/ig:avif\/https:\/\/lycea.fr\/courtier\/wp-content\/uploads\/2021\/06\/logo-lycea.png\",\"width\":324,\"height\":116,\"caption\":\"Lyc\u00e9a Courtier\"},\"image\":{\"@id\":\"https:\/\/lycea.fr\/courtier\/#\/schema\/logo\/image\/\"}}]}<\/script>\n<!-- \/ Yoast SEO plugin. -->","yoast_head_json":{"title":"Contact - Lyc\u00e9a Courtier","description":"Besoin de conseils ? Contacter-nous","robots":{"index":"index","follow":"follow","max-snippet":"max-snippet:-1","max-image-preview":"max-image-preview:large","max-video-preview":"max-video-preview:-1"},"canonical":"https:\/\/lycea.fr\/courtier\/contact\/","og_locale":"fr_FR","og_type":"article","og_title":"Contact - Lyc\u00e9a Courtier","og_description":"Besoin de conseils ? Contacter-nous","og_url":"https:\/\/lycea.fr\/courtier\/contact\/","og_site_name":"Lyc\u00e9a Courtier","article_modified_time":"2026-02-26T16:11:55+00:00","twitter_card":"summary_large_image","twitter_misc":{"Dur\u00e9e de lecture estim\u00e9e":"1 minute"},"schema":{"@context":"https:\/\/schema.org","@graph":[{"@type":"WebPage","@id":"https:\/\/lycea.fr\/courtier\/contact\/","url":"https:\/\/lycea.fr\/courtier\/contact\/","name":"Contact - Lyc\u00e9a Courtier","isPartOf":{"@id":"https:\/\/lycea.fr\/courtier\/#website"},"datePublished":"2017-08-31T08:59:32+00:00","dateModified":"2026-02-26T16:11:55+00:00","description":"Besoin de conseils ? Contacter-nous","breadcrumb":{"@id":"https:\/\/lycea.fr\/courtier\/contact\/#breadcrumb"},"inLanguage":"fr-FR","potentialAction":[{"@type":"ReadAction","target":["https:\/\/lycea.fr\/courtier\/contact\/"]}]},{"@type":"BreadcrumbList","@id":"https:\/\/lycea.fr\/courtier\/contact\/#breadcrumb","itemListElement":[{"@type":"ListItem","position":1,"name":"Accueil","item":"https:\/\/lycea.fr\/courtier\/"},{"@type":"ListItem","position":2,"name":"Contact"}]},{"@type":"WebSite","@id":"https:\/\/lycea.fr\/courtier\/#website","url":"https:\/\/lycea.fr\/courtier\/","name":"Lyc\u00e9a Courtier","description":"Agent souscripteur en assurances","publisher":{"@id":"https:\/\/lycea.fr\/courtier\/#organization"},"potentialAction":[{"@type":"SearchAction","target":{"@type":"EntryPoint","urlTemplate":"https:\/\/lycea.fr\/courtier\/?s={search_term_string}"},"query-input":{"@type":"PropertyValueSpecification","valueRequired":true,"valueName":"search_term_string"}}],"inLanguage":"fr-FR"},{"@type":"Organization","@id":"https:\/\/lycea.fr\/courtier\/#organization","name":"Lyc\u00e9a Courtier","url":"https:\/\/lycea.fr\/courtier\/","logo":{"@type":"ImageObject","inLanguage":"fr-FR","@id":"https:\/\/lycea.fr\/courtier\/#\/schema\/logo\/image\/","url":"https:\/\/mlqypjg5vbew.i.optimole.com\/w:auto\/h:auto\/q:mauto\/ig:avif\/https:\/\/lycea.fr\/courtier\/wp-content\/uploads\/2021\/06\/logo-lycea.png","contentUrl":"https:\/\/mlqypjg5vbew.i.optimole.com\/w:auto\/h:auto\/q:mauto\/ig:avif\/https:\/\/lycea.fr\/courtier\/wp-content\/uploads\/2021\/06\/logo-lycea.png","width":324,"height":116,"caption":"Lyc\u00e9a Courtier"},"image":{"@id":"https:\/\/lycea.fr\/courtier\/#\/schema\/logo\/image\/"}}]}},"_links":{"self":[{"href":"https:\/\/lycea.fr\/courtier\/wp-json\/wp\/v2\/pages\/4872","targetHints":{"allow":["GET"]}}],"collection":[{"href":"https:\/\/lycea.fr\/courtier\/wp-json\/wp\/v2\/pages"}],"about":[{"href":"https:\/\/lycea.fr\/courtier\/wp-json\/wp\/v2\/types\/page"}],"author":[{"embeddable":true,"href":"https:\/\/lycea.fr\/courtier\/wp-json\/wp\/v2\/users\/4"}],"replies":[{"embeddable":true,"href":"https:\/\/lycea.fr\/courtier\/wp-json\/wp\/v2\/comments?post=4872"}],"version-history":[{"count":52,"href":"https:\/\/lycea.fr\/courtier\/wp-json\/wp\/v2\/pages\/4872\/revisions"}],"predecessor-version":[{"id":6456,"href":"https:\/\/lycea.fr\/courtier\/wp-json\/wp\/v2\/pages\/4872\/revisions\/6456"}],"wp:attachment":[{"href":"https:\/\/lycea.fr\/courtier\/wp-json\/wp\/v2\/media?parent=4872"}],"curies":[{"name":"wp","href":"https:\/\/api.w.org\/{rel}","templated":true}]}}