{"id":4859,"date":"2017-08-31T09:45:53","date_gmt":"2017-08-31T07:45:53","guid":{"rendered":"https:\/\/lycea.fr\/courtier\/?page_id=4859"},"modified":"2024-04-29T15:31:33","modified_gmt":"2024-04-29T13:31:33","slug":"nos-engagements","status":"publish","type":"page","link":"https:\/\/lycea.fr\/courtier\/nos-engagements\/","title":{"rendered":"Nos engagements"},"content":{"rendered":"<div class=\"wpb-content-wrapper\">[vc_row content_placement=\u00a0\u00bbmiddle\u00a0\u00bb el_class=\u00a0\u00bbslider-accueil\u00a0\u00bb css=\u00a0\u00bb.vc_custom_1623923557081{background-image: url(https:\/\/mlqypjg5vbew.i.optimole.com\/w:auto\/h:auto\/q:mauto\/ig:avif\/https:\/\/lycea.fr\/courtier\/wp-content\/uploads\/2017\/08\/engagements.jpg?id=5154) !important;background-position: center !important;background-repeat: no-repeat !important;background-size: cover !important;}\u00a0\u00bb][vc_column][\/vc_column][\/vc_row][vc_row content_placement=\u00a0\u00bbmiddle\u00a0\u00bb equal_height=\u00a0\u00bbyes\u00a0\u00bb max_width=\u00a0\u00bb80&Prime;][vc_column][vc_empty_space height=\u00a0\u00bb30px\u00a0\u00bb][vc_row_inner][vc_column_inner width=\u00a0\u00bb1\/2&Prime;][vc_column_text text_align=\u00a0\u00bbleft\u00a0\u00bb color=\u00a0\u00bb#ffffff\u00a0\u00bb]<a class=\"button-interne\" href=\"https:\/\/ssl.agilys.io\/WD260AWP\/WD260Awp.exe\/CONNECT\/AssurWeb\" target=\"_blank\" rel=\"noopener\">ESPACE <em><strong>CLIENTS<\/strong><\/em><\/a>[\/vc_column_text][vc_empty_space height=\u00a0\u00bb30px\u00a0\u00bb][\/vc_column_inner][vc_column_inner width=\u00a0\u00bb1\/2&Prime;][vc_empty_space height=\u00a0\u00bb20px\u00a0\u00bb][vc_column_text]\n<p style=\"text-align: right;\">\n[\/vc_column_text][vc_empty_space height=\u00a0\u00bb30px\u00a0\u00bb][\/vc_column_inner][\/vc_row_inner][\/vc_column][\/vc_row][vc_row max_width=\u00a0\u00bb80&Prime;][vc_column][vc_row_inner][vc_column_inner][vc_column_text color=\u00a0\u00bb#0a0a0a\u00a0\u00bb]\n<h1 style=\"text-align: right;\">LES ENGAGEMENTS LYC\u00c9A RISKS<br \/>\n<strong><span style=\"color: #f37021;\">SOLUTIONS<\/span><\/strong><\/h1>\n[\/vc_column_text][vc_separator color=\u00a0\u00bbcustom\u00a0\u00bb align=\u00a0\u00bbalign_right\u00a0\u00bb border_width=\u00a0\u00bb2&Prime; el_width=\u00a0\u00bb30&Prime; accent_color=\u00a0\u00bb#e98011&Prime; css=\u00a0\u00bb.vc_custom_1623759426416{padding-top: 25px !important;padding-bottom: 25px !important;}\u00a0\u00bb][vc_empty_space height=\u00a0\u00bb20px\u00a0\u00bb][vc_column_text]\n<p style=\"text-align: justify;\">Certaines entreprises utilisant leurs propres v\u00e9hicules pour transporter \/ livrer leurs biens, la protection de ces biens \/ marchandises constitue un enjeu pour ces professionnels.<\/p>\n<p style=\"text-align: justify;\"><strong>Afin de les prot\u00e9ger, Lyc\u00e9a Risks Solutions a con\u00e7u une offre compl\u00e8te alliant pr\u00e9vention et garanties :<\/strong><\/p>\n<p style=\"text-align: justify;\">Nous garantissons les biens professionnels en cours de transport dans les v\u00e9hicules ainsi qu\u2019en cours de chargement et de d\u00e9chargement contre les risque de vol, d\u2019incendie ou d\u2019un accident de la route.<\/p>\n[\/vc_column_text][vc_empty_space height=\u00a0\u00bb40px\u00a0\u00bb][\/vc_column_inner][\/vc_row_inner][vc_row_inner equal_height=\u00a0\u00bbyes\u00a0\u00bb content_placement=\u00a0\u00bbtop\u00a0\u00bb][vc_column_inner][vc_column_text]\n<h2><span style=\"font-weight: 400; font-size: 18px;\">GESTION DES POLICES<\/span><\/h2>\n[\/vc_column_text][vc_separator color=\u00a0\u00bbcustom\u00a0\u00bb align=\u00a0\u00bbalign_left\u00a0\u00bb el_width=\u00a0\u00bb10&Prime; accent_color=\u00a0\u00bb#a4afb9&Prime; css=\u00a0\u00bb.vc_custom_1623930920281{padding-top: 25px !important;}\u00a0\u00bb][vc_empty_space height=\u00a0\u00bb40px\u00a0\u00bb][\/vc_column_inner][\/vc_row_inner][vc_row_inner][vc_column_inner width=\u00a0\u00bb1\/2&Prime;][vc_column_text]\n<h3 style=\"text-align: left;\"><span style=\"font-size: 18px; color: #a4afb9;\">Un assureur \u00e0 votre \u00e9coute<\/span><\/h3>\n<ul>\n<li>Une structure \u00e0 taille humaine<\/li>\n<li>Un interlocuteur d\u00e9di\u00e9 pour la gestion de chaque police<\/li>\n<li>Une organisation efficace et r\u00e9activeUne culture d\u2019entreprise orient\u00e9e vers le client<\/li>\n<\/ul>\n[\/vc_column_text][vc_empty_space height=\u00a0\u00bb20px\u00a0\u00bb][\/vc_column_inner][vc_column_inner width=\u00a0\u00bb1\/2&Prime;][vc_column_text]\n<h3 style=\"text-align: left;\"><span style=\"font-size: 18px; color: #a4afb9;\">Un assureur performant<\/span><\/h3>\n<p style=\"text-align: justify;\"><strong>Lyc\u00e9a Risks Solutions<\/strong>\u00a0a d\u00e9velopp\u00e9 un outil de gestion fiable et performant qui garantit la s\u00e9curit\u00e9 des donn\u00e9es de vos clients.<br \/>\nDepuis plusieurs ann\u00e9es <strong>Lyc\u00e9a Risks Solutions<\/strong>\u00a0propose \u00e0 ses assur\u00e9s un service de <a href=\"https:\/\/lycea.fr\/courtier\/advalorem\/\" target=\"_blank\" rel=\"noopener noreferrer\">souscription en ligne<\/a><\/p>\n[\/vc_column_text][vc_empty_space height=\u00a0\u00bb20px\u00a0\u00bb][\/vc_column_inner][\/vc_row_inner][vc_empty_space height=\u00a0\u00bb40px\u00a0\u00bb][\/vc_column][\/vc_row][vc_row content_placement=\u00a0\u00bbmiddle\u00a0\u00bb max_width=\u00a0\u00bb80&Prime; css=\u00a0\u00bb.vc_custom_1623931499544{padding-top: 30px !important;padding-bottom: 30px !important;background-color: #2f3c49 !important;}\u00a0\u00bb][vc_column][vc_row_inner content_placement=\u00a0\u00bbtop\u00a0\u00bb][vc_column_inner width=\u00a0\u00bb1\/3&Prime;][vc_column_text color=\u00a0\u00bb#ffffff\u00a0\u00bb]\n<p style=\"text-align: center; margin-bottom: 0;\"><span style=\"color: #a4afb9; font-size: 38px;\">8<\/span><\/p>\n<p style=\"text-align: center;\">mandats de compagnies<\/p>\n[\/vc_column_text][vc_empty_space height=\u00a0\u00bb30px\u00a0\u00bb][vc_column_text color=\u00a0\u00bb#ffffff\u00a0\u00bb]\n<p style=\"text-align: center; margin-bottom: 0;\"><span style=\"color: #a4afb9; font-size: 38px;\">5.000.000\u20ac <\/span><\/p>\n<p style=\"text-align: center;\">de capacit\u00e9<\/p>\n[\/vc_column_text][vc_empty_space height=\u00a0\u00bb30px\u00a0\u00bb][vc_column_text color=\u00a0\u00bb#ffffff\u00a0\u00bb]\n<p style=\"text-align: center; margin-bottom: 0;\"><span style=\"color: #a4afb9; font-size: 38px;\">+ DE 200 <\/span><\/p>\n<p style=\"text-align: center;\">nouvelles polices souscrites par an<\/p>\n[\/vc_column_text][vc_empty_space height=\u00a0\u00bb30px\u00a0\u00bb el_class=\u00a0\u00bbmarge-mobile\u00a0\u00bb][\/vc_column_inner][vc_column_inner width=\u00a0\u00bb1\/3&Prime;][vc_column_text color=\u00a0\u00bb#ffffff\u00a0\u00bb]\n<h3 style=\"text-align: left;\"><span style=\"font-size: 18px; color: #a4afb9;\">Mandats<\/span><\/h3>\n<p><strong>Lyc\u00e9a Risks Solutions<\/strong>\u00a0b\u00e9n\u00e9ficie au travers de ses mandats d\u2019une autonomie compl\u00e8te de souscription :<\/p>\n<ul>\n<li style=\"text-align: justify;\">Tarification des risques<\/li>\n<li style=\"text-align: justify;\">Conception et r\u00e9daction des polices<\/li>\n<li style=\"text-align: justify;\">Clauses de garanties adapt\u00e9es \u00e0 chaque risque<\/li>\n<\/ul>\n[\/vc_column_text][vc_empty_space height=\u00a0\u00bb30px\u00a0\u00bb][vc_column_text color=\u00a0\u00bb#ffffff\u00a0\u00bb]\n<h3 style=\"text-align: left;\"><span style=\"font-size: 18px; color: #a4afb9;\">March\u00e9 des LLYOD&rsquo;S<\/span><\/h3>\n<p style=\"text-align: justify;\">Grace \u00e0 son statut de Coverholder aupr\u00e8s des Llyod\u2019s de Londres, <strong>Lyc\u00e9a Risks Solutions<\/strong>\u00a0a la capacit\u00e9 de placer les risques les plus sensibles.<\/p>\n[\/vc_column_text][vc_empty_space height=\u00a0\u00bb30px\u00a0\u00bb el_class=\u00a0\u00bbmarge-mobile\u00a0\u00bb][\/vc_column_inner][vc_column_inner width=\u00a0\u00bb1\/3&Prime;][vc_column_text color=\u00a0\u00bb#ffffff\u00a0\u00bb]\n<h3 style=\"margin-top: 0px; text-align: left;\"><span style=\"font-size: 18px; color: #a4afb9;\">Stock &amp; Transit<\/span><\/h3>\n<p style=\"text-align: left;\">Besoin : Un transporteur se voit confier 4 g\u00e9n\u00e9rateurs \u00e9lectriques pour une valeur totale de 4 M EUR. Il doit les conserver sur son parc pendant 6 mois avant livraison, et les assurer pour le compte de son client durant toute cette p\u00e9riode, celui-ci n\u2019\u00e9tant pas en mesure de les assurer au travers de ses propres contrats.<br \/>\nSolution : Lyc\u00e9a Risks Solutions a trouv\u00e9 en 24h une solution sur le march\u00e9 des Lloyd\u2019s pour garantir ce risque atypique.<\/p>\n[\/vc_column_text][\/vc_column_inner][\/vc_row_inner][\/vc_column][\/vc_row][vc_row content_placement=\u00a0\u00bbtop\u00a0\u00bb max_width=\u00a0\u00bb80&Prime;][vc_column][vc_empty_space height=\u00a0\u00bb40px\u00a0\u00bb][vc_row_inner equal_height=\u00a0\u00bbyes\u00a0\u00bb content_placement=\u00a0\u00bbtop\u00a0\u00bb][vc_column_inner][vc_column_text]\n<h2><span style=\"font-weight: 400; font-size: 18px;\">GESTION DES SINISTRES<\/span><\/h2>\n[\/vc_column_text][vc_separator color=\u00a0\u00bbcustom\u00a0\u00bb align=\u00a0\u00bbalign_left\u00a0\u00bb el_width=\u00a0\u00bb10&Prime; accent_color=\u00a0\u00bb#a4afb9&Prime; css=\u00a0\u00bb.vc_custom_1623930996004{padding-top: 25px !important;}\u00a0\u00bb][vc_empty_space height=\u00a0\u00bb30px\u00a0\u00bb][\/vc_column_inner][\/vc_row_inner][vc_row_inner][vc_column_inner width=\u00a0\u00bb1\/3&Prime;][vc_column_text]\n<h3 style=\"text-align: left;\"><span style=\"font-size: 18px; color: #a4afb9;\">Assureur efficace<\/span><\/h3>\n<p style=\"text-align: justify;\">Rapidit\u00e9 et r\u00e9activit\u00e9 dans la prise en charge et le r\u00e8glement du sinistre. <strong>Lyc\u00e9a Risks Solutions<\/strong>\u00a0s&rsquo;engage sur le d\u00e9lai de r\u00e8glement des sinistres garantis : 5 jours maximum \u00e0 r\u00e9ception du dossier complet.<\/p>\n<p style=\"text-align: justify;\">Un r\u00e9seau mondial d&rsquo;experts et d&rsquo;avocats sp\u00e9cialis\u00e9s et reconnus pour la meilleure d\u00e9fense des int\u00e9r\u00eats de nos assur\u00e9s.<\/p>\n[\/vc_column_text][vc_empty_space height=\u00a0\u00bb20px\u00a0\u00bb][\/vc_column_inner][vc_column_inner width=\u00a0\u00bb1\/3&Prime;][vc_empty_space height=\u00a0\u00bb35px\u00a0\u00bb][vc_column_text]Gr\u00e2ce \u00e0 ses pouvoirs de gestion et de r\u00e8glement n\u00e9goci\u00e9s, <strong>Lyc\u00e9a Risks Solutions<\/strong>\u00a0est en mesure de vous garantir une indemnisation rapide d\u00e8s que le dossier sinistre est complet.<\/p>\n<p>Votre interlocuteur gestionnaire exerce le recours contre le tiers responsable lorsque cela est possible, afin de minimiser le co\u00fbt d\u2019un dossier et permettre d\u2019abaisser le niveau de sinistralit\u00e9.<\/p>\n<p>Votre interlocuteur gestionnaire peut \u00e0 votre demande, organiser une visite annuelle chez vos assur\u00e9s, afin de permettre la r\u00e9solution des sinistres en cours et apporter \u00e0 vos assur\u00e9s de l\u2019information.[\/vc_column_text][vc_empty_space height=\u00a0\u00bb20px\u00a0\u00bb][\/vc_column_inner][vc_column_inner width=\u00a0\u00bb1\/3&Prime;][vc_empty_space height=\u00a0\u00bb35px\u00a0\u00bb][vc_column_text css=\u00a0\u00bb.vc_custom_1623931917330{padding-top: 10px !important;padding-right: 10px !important;padding-bottom: 10px !important;padding-left: 10px !important;background-color: #a4afb9 !important;}\u00a0\u00bb color=\u00a0\u00bb#ffffff\u00a0\u00bb]\n<p style=\"text-align: center; margin-bottom: 0;\"><span style=\"font-size: 28px;\">+ DE 2 500<\/span><\/p>\n<p style=\"text-align: center;\">sinistres g\u00e9r\u00e9s par an<\/p>\n<p style=\"text-align: center; margin-bottom: 0;\"><span style=\"font-size: 28px;\">Un service sinistres disponible<\/span><\/p>\n<p style=\"text-align: center;\">de 8h \u00e0 18h 5j\/7j<\/p>\n[\/vc_column_text][vc_empty_space height=\u00a0\u00bb20px\u00a0\u00bb][\/vc_column_inner][\/vc_row_inner][vc_empty_space height=\u00a0\u00bb40px\u00a0\u00bb][\/vc_column][\/vc_row]\n<\/div>","protected":false},"excerpt":{"rendered":"<p>[vc_row content_placement=\u00a0\u00bbmiddle\u00a0\u00bb el_class=\u00a0\u00bbslider-accueil\u00a0\u00bb css=\u00a0\u00bb.vc_custom_1623923557081{background-image: url(https:\/\/mlqypjg5vbew.i.optimole.com\/w:auto\/h:auto\/q:mauto\/ig:avif\/https:\/\/lycea.fr\/courtier\/wp-content\/uploads\/2017\/08\/engagements.jpg?id=5154) !important;background-position: center !important;background-repeat: no-repeat !important;background-size: cover !important;}\u00a0\u00bb][vc_column][\/vc_column][\/vc_row][vc_row content_placement=\u00a0\u00bbmiddle\u00a0\u00bb equal_height=\u00a0\u00bbyes\u00a0\u00bb max_width=\u00a0\u00bb80&Prime;][vc_column][vc_empty_space height=\u00a0\u00bb30px\u00a0\u00bb][vc_row_inner][vc_column_inner width=\u00a0\u00bb1\/2&Prime;][vc_column_text text_align=\u00a0\u00bbleft\u00a0\u00bb color=\u00a0\u00bb#ffffff\u00a0\u00bb]ESPACE CLIENTS[\/vc_column_text][vc_empty_space height=\u00a0\u00bb30px\u00a0\u00bb][\/vc_column_inner][vc_column_inner width=\u00a0\u00bb1\/2&Prime;][vc_empty_space height=\u00a0\u00bb20px\u00a0\u00bb][vc_column_text] [\/vc_column_text][vc_empty_space height=\u00a0\u00bb30px\u00a0\u00bb][\/vc_column_inner][\/vc_row_inner][\/vc_column][\/vc_row][vc_row max_width=\u00a0\u00bb80&Prime;][vc_column][vc_row_inner][vc_column_inner][vc_column_text color=\u00a0\u00bb#0a0a0a\u00a0\u00bb] LES ENGAGEMENTS LYC\u00c9A RISKS SOLUTIONS [\/vc_column_text][vc_separator color=\u00a0\u00bbcustom\u00a0\u00bb align=\u00a0\u00bbalign_right\u00a0\u00bb border_width=\u00a0\u00bb2&Prime; el_width=\u00a0\u00bb30&Prime; accent_color=\u00a0\u00bb#e98011&Prime; css=\u00a0\u00bb.vc_custom_1623759426416{padding-top: 25px !important;padding-bottom: 25px !important;}\u00a0\u00bb][vc_empty_space height=\u00a0\u00bb20px\u00a0\u00bb][vc_column_text] Certaines entreprises utilisant leurs propres v\u00e9hicules pour transporter \/ livrer leurs&hellip;<\/p>\n","protected":false},"author":4,"featured_media":0,"parent":0,"menu_order":0,"comment_status":"closed","ping_status":"closed","template":"","meta":{"footnotes":""},"class_list":["post-4859","page","type-page","status-publish","hentry","entry","no-media"],"yoast_head":"<!-- This site is optimized with the Yoast SEO plugin v27.2 - https:\/\/yoast.com\/product\/yoast-seo-wordpress\/ -->\n<title>Nos engagements - Lyc\u00e9a Courtier<\/title>\n<meta name=\"description\" content=\"D\u00e9couvrez les engagements de Lyc\u00e9a Risks Solutions, votre partenaire en assurance. Profitez d&#039;une offre compl\u00e8te pour prot\u00e9ger vos biens professionnels.\" \/>\n<meta name=\"robots\" content=\"index, follow, max-snippet:-1, max-image-preview:large, max-video-preview:-1\" \/>\n<link rel=\"canonical\" href=\"https:\/\/lycea.fr\/courtier\/nos-engagements\/\" \/>\n<meta property=\"og:locale\" content=\"fr_FR\" \/>\n<meta property=\"og:type\" content=\"article\" \/>\n<meta property=\"og:title\" content=\"Nos engagements - Lyc\u00e9a Courtier\" \/>\n<meta property=\"og:description\" content=\"D\u00e9couvrez les engagements de Lyc\u00e9a Risks Solutions, votre partenaire en assurance. Profitez d&#039;une offre compl\u00e8te pour prot\u00e9ger vos biens professionnels.\" \/>\n<meta property=\"og:url\" content=\"https:\/\/lycea.fr\/courtier\/nos-engagements\/\" \/>\n<meta property=\"og:site_name\" content=\"Lyc\u00e9a Courtier\" \/>\n<meta property=\"article:modified_time\" content=\"2024-04-29T13:31:33+00:00\" \/>\n<meta name=\"twitter:card\" content=\"summary_large_image\" \/>\n<meta name=\"twitter:label1\" content=\"Dur\u00e9e de lecture estim\u00e9e\" \/>\n\t<meta name=\"twitter:data1\" content=\"4 minutes\" \/>\n<script type=\"application\/ld+json\" class=\"yoast-schema-graph\">{\"@context\":\"https:\/\/schema.org\",\"@graph\":[{\"@type\":\"WebPage\",\"@id\":\"https:\/\/lycea.fr\/courtier\/nos-engagements\/\",\"url\":\"https:\/\/lycea.fr\/courtier\/nos-engagements\/\",\"name\":\"Nos engagements - Lyc\u00e9a Courtier\",\"isPartOf\":{\"@id\":\"https:\/\/lycea.fr\/courtier\/#website\"},\"datePublished\":\"2017-08-31T07:45:53+00:00\",\"dateModified\":\"2024-04-29T13:31:33+00:00\",\"description\":\"D\u00e9couvrez les engagements de Lyc\u00e9a Risks Solutions, votre partenaire en assurance. Profitez d'une offre compl\u00e8te pour prot\u00e9ger vos biens professionnels.\",\"breadcrumb\":{\"@id\":\"https:\/\/lycea.fr\/courtier\/nos-engagements\/#breadcrumb\"},\"inLanguage\":\"fr-FR\",\"potentialAction\":[{\"@type\":\"ReadAction\",\"target\":[\"https:\/\/lycea.fr\/courtier\/nos-engagements\/\"]}]},{\"@type\":\"BreadcrumbList\",\"@id\":\"https:\/\/lycea.fr\/courtier\/nos-engagements\/#breadcrumb\",\"itemListElement\":[{\"@type\":\"ListItem\",\"position\":1,\"name\":\"Accueil\",\"item\":\"https:\/\/lycea.fr\/courtier\/\"},{\"@type\":\"ListItem\",\"position\":2,\"name\":\"Nos engagements\"}]},{\"@type\":\"WebSite\",\"@id\":\"https:\/\/lycea.fr\/courtier\/#website\",\"url\":\"https:\/\/lycea.fr\/courtier\/\",\"name\":\"Lyc\u00e9a Courtier\",\"description\":\"Agent souscripteur en assurances\",\"publisher\":{\"@id\":\"https:\/\/lycea.fr\/courtier\/#organization\"},\"potentialAction\":[{\"@type\":\"SearchAction\",\"target\":{\"@type\":\"EntryPoint\",\"urlTemplate\":\"https:\/\/lycea.fr\/courtier\/?s={search_term_string}\"},\"query-input\":{\"@type\":\"PropertyValueSpecification\",\"valueRequired\":true,\"valueName\":\"search_term_string\"}}],\"inLanguage\":\"fr-FR\"},{\"@type\":\"Organization\",\"@id\":\"https:\/\/lycea.fr\/courtier\/#organization\",\"name\":\"Lyc\u00e9a Courtier\",\"url\":\"https:\/\/lycea.fr\/courtier\/\",\"logo\":{\"@type\":\"ImageObject\",\"inLanguage\":\"fr-FR\",\"@id\":\"https:\/\/lycea.fr\/courtier\/#\/schema\/logo\/image\/\",\"url\":\"https:\/\/mlqypjg5vbew.i.optimole.com\/w:auto\/h:auto\/q:mauto\/ig:avif\/https:\/\/lycea.fr\/courtier\/wp-content\/uploads\/2021\/06\/logo-lycea.png\",\"contentUrl\":\"https:\/\/mlqypjg5vbew.i.optimole.com\/w:auto\/h:auto\/q:mauto\/ig:avif\/https:\/\/lycea.fr\/courtier\/wp-content\/uploads\/2021\/06\/logo-lycea.png\",\"width\":324,\"height\":116,\"caption\":\"Lyc\u00e9a Courtier\"},\"image\":{\"@id\":\"https:\/\/lycea.fr\/courtier\/#\/schema\/logo\/image\/\"}}]}<\/script>\n<!-- \/ Yoast SEO plugin. -->","yoast_head_json":{"title":"Nos engagements - Lyc\u00e9a Courtier","description":"D\u00e9couvrez les engagements de Lyc\u00e9a Risks Solutions, votre partenaire en assurance. Profitez d'une offre compl\u00e8te pour prot\u00e9ger vos biens professionnels.","robots":{"index":"index","follow":"follow","max-snippet":"max-snippet:-1","max-image-preview":"max-image-preview:large","max-video-preview":"max-video-preview:-1"},"canonical":"https:\/\/lycea.fr\/courtier\/nos-engagements\/","og_locale":"fr_FR","og_type":"article","og_title":"Nos engagements - Lyc\u00e9a Courtier","og_description":"D\u00e9couvrez les engagements de Lyc\u00e9a Risks Solutions, votre partenaire en assurance. Profitez d'une offre compl\u00e8te pour prot\u00e9ger vos biens professionnels.","og_url":"https:\/\/lycea.fr\/courtier\/nos-engagements\/","og_site_name":"Lyc\u00e9a Courtier","article_modified_time":"2024-04-29T13:31:33+00:00","twitter_card":"summary_large_image","twitter_misc":{"Dur\u00e9e de lecture estim\u00e9e":"4 minutes"},"schema":{"@context":"https:\/\/schema.org","@graph":[{"@type":"WebPage","@id":"https:\/\/lycea.fr\/courtier\/nos-engagements\/","url":"https:\/\/lycea.fr\/courtier\/nos-engagements\/","name":"Nos engagements - Lyc\u00e9a Courtier","isPartOf":{"@id":"https:\/\/lycea.fr\/courtier\/#website"},"datePublished":"2017-08-31T07:45:53+00:00","dateModified":"2024-04-29T13:31:33+00:00","description":"D\u00e9couvrez les engagements de Lyc\u00e9a Risks Solutions, votre partenaire en assurance. Profitez d'une offre compl\u00e8te pour prot\u00e9ger vos biens professionnels.","breadcrumb":{"@id":"https:\/\/lycea.fr\/courtier\/nos-engagements\/#breadcrumb"},"inLanguage":"fr-FR","potentialAction":[{"@type":"ReadAction","target":["https:\/\/lycea.fr\/courtier\/nos-engagements\/"]}]},{"@type":"BreadcrumbList","@id":"https:\/\/lycea.fr\/courtier\/nos-engagements\/#breadcrumb","itemListElement":[{"@type":"ListItem","position":1,"name":"Accueil","item":"https:\/\/lycea.fr\/courtier\/"},{"@type":"ListItem","position":2,"name":"Nos engagements"}]},{"@type":"WebSite","@id":"https:\/\/lycea.fr\/courtier\/#website","url":"https:\/\/lycea.fr\/courtier\/","name":"Lyc\u00e9a Courtier","description":"Agent souscripteur en assurances","publisher":{"@id":"https:\/\/lycea.fr\/courtier\/#organization"},"potentialAction":[{"@type":"SearchAction","target":{"@type":"EntryPoint","urlTemplate":"https:\/\/lycea.fr\/courtier\/?s={search_term_string}"},"query-input":{"@type":"PropertyValueSpecification","valueRequired":true,"valueName":"search_term_string"}}],"inLanguage":"fr-FR"},{"@type":"Organization","@id":"https:\/\/lycea.fr\/courtier\/#organization","name":"Lyc\u00e9a Courtier","url":"https:\/\/lycea.fr\/courtier\/","logo":{"@type":"ImageObject","inLanguage":"fr-FR","@id":"https:\/\/lycea.fr\/courtier\/#\/schema\/logo\/image\/","url":"https:\/\/mlqypjg5vbew.i.optimole.com\/w:auto\/h:auto\/q:mauto\/ig:avif\/https:\/\/lycea.fr\/courtier\/wp-content\/uploads\/2021\/06\/logo-lycea.png","contentUrl":"https:\/\/mlqypjg5vbew.i.optimole.com\/w:auto\/h:auto\/q:mauto\/ig:avif\/https:\/\/lycea.fr\/courtier\/wp-content\/uploads\/2021\/06\/logo-lycea.png","width":324,"height":116,"caption":"Lyc\u00e9a Courtier"},"image":{"@id":"https:\/\/lycea.fr\/courtier\/#\/schema\/logo\/image\/"}}]}},"_links":{"self":[{"href":"https:\/\/lycea.fr\/courtier\/wp-json\/wp\/v2\/pages\/4859","targetHints":{"allow":["GET"]}}],"collection":[{"href":"https:\/\/lycea.fr\/courtier\/wp-json\/wp\/v2\/pages"}],"about":[{"href":"https:\/\/lycea.fr\/courtier\/wp-json\/wp\/v2\/types\/page"}],"author":[{"embeddable":true,"href":"https:\/\/lycea.fr\/courtier\/wp-json\/wp\/v2\/users\/4"}],"replies":[{"embeddable":true,"href":"https:\/\/lycea.fr\/courtier\/wp-json\/wp\/v2\/comments?post=4859"}],"version-history":[{"count":101,"href":"https:\/\/lycea.fr\/courtier\/wp-json\/wp\/v2\/pages\/4859\/revisions"}],"predecessor-version":[{"id":6286,"href":"https:\/\/lycea.fr\/courtier\/wp-json\/wp\/v2\/pages\/4859\/revisions\/6286"}],"wp:attachment":[{"href":"https:\/\/lycea.fr\/courtier\/wp-json\/wp\/v2\/media?parent=4859"}],"curies":[{"name":"wp","href":"https:\/\/api.w.org\/{rel}","templated":true}]}}