{"id":4852,"date":"2017-08-31T09:20:07","date_gmt":"2017-08-31T07:20:07","guid":{"rendered":"https:\/\/lycea.fr\/courtier\/?page_id=4852"},"modified":"2024-05-06T12:29:08","modified_gmt":"2024-05-06T10:29:08","slug":"presentation","status":"publish","type":"page","link":"https:\/\/lycea.fr\/courtier\/presentation\/","title":{"rendered":"Pr\u00e9sentation"},"content":{"rendered":"<div class=\"wpb-content-wrapper\">[vc_row content_placement=\u00a0\u00bbmiddle\u00a0\u00bb el_class=\u00a0\u00bbslider-accueil\u00a0\u00bb css=\u00a0\u00bb.vc_custom_1623921822714{background-image: url(https:\/\/mlqypjg5vbew.i.optimole.com\/w:auto\/h:auto\/q:mauto\/ig:avif\/https:\/\/lycea.fr\/courtier\/wp-content\/uploads\/2017\/08\/stock.jpg?id=4732) !important;background-position: center !important;background-repeat: no-repeat !important;background-size: cover !important;}\u00a0\u00bb][vc_column][\/vc_column][\/vc_row][vc_row content_placement=\u00a0\u00bbmiddle\u00a0\u00bb equal_height=\u00a0\u00bbyes\u00a0\u00bb max_width=\u00a0\u00bb80&Prime;][vc_column][vc_empty_space height=\u00a0\u00bb30px\u00a0\u00bb][vc_row_inner][vc_column_inner width=\u00a0\u00bb1\/2&Prime;][vc_column_text text_align=\u00a0\u00bbleft\u00a0\u00bb color=\u00a0\u00bb#ffffff\u00a0\u00bb]<a class=\"button-interne\" href=\"https:\/\/ssl.agilys.io\/WD260AWP\/WD260Awp.exe\/CONNECT\/AssurWeb\" target=\"_blank\" rel=\"noopener\">ESPACE <em><strong>CLIENTS<\/strong><\/em><\/a>[\/vc_column_text][vc_empty_space height=\u00a0\u00bb30px\u00a0\u00bb][\/vc_column_inner][vc_column_inner width=\u00a0\u00bb1\/2&Prime;][vc_empty_space height=\u00a0\u00bb20px\u00a0\u00bb][vc_column_text]\n<p style=\"text-align: right;\">\n[\/vc_column_text][vc_empty_space height=\u00a0\u00bb30px\u00a0\u00bb][\/vc_column_inner][\/vc_row_inner][\/vc_column][\/vc_row][vc_row max_width=\u00a0\u00bb80&Prime;][vc_column][vc_row_inner][vc_column_inner width=\u00a0\u00bb1\/2&Prime;][vc_column_text color=\u00a0\u00bb#0a0a0a\u00a0\u00bb]\n<h1 style=\"text-align: right;\">LYC\u00c9A RISKS<br \/>\n<strong><span style=\"color: #f37021;\">SOLUTIONS<\/span><\/strong><\/h1>\n[\/vc_column_text][vc_separator color=\u00a0\u00bbcustom\u00a0\u00bb align=\u00a0\u00bbalign_right\u00a0\u00bb border_width=\u00a0\u00bb2&Prime; el_width=\u00a0\u00bb30&Prime; accent_color=\u00a0\u00bb#e98011&Prime; css=\u00a0\u00bb.vc_custom_1623759426416{padding-top: 25px !important;padding-bottom: 25px !important;}\u00a0\u00bb][vc_empty_space height=\u00a0\u00bb20px\u00a0\u00bb][vc_column_text]\n<p style=\"text-align: justify;\">Lyc\u00e9a Risks Solutions soci\u00e9t\u00e9 lyonnaise d\u2019assurance ayant le statut d\u2019agent souscripteur a \u00e9t\u00e9 cr\u00e9\u00e9e il y a pr\u00e8s de cent ans. D\u00e8s l\u2019origine les cabinets Chomel, cr\u00e9\u00e9 en 1924, et Dumas-Chavane, cr\u00e9\u00e9 en 1922, repr\u00e9sentaient sur la place de Lyon des compagnies d\u2019assurance auxquelles ils apportaient leurs comp\u00e9tences en mati\u00e8re d\u2019assurance transport ainsi qu\u2019un r\u00e9seau de courtiers partenaires.<\/p>\n<p style=\"text-align: justify;\">Au travers de ces courtiers, les cabinets Chomel et Dumas-Chavane apportaient une r\u00e9ponse aux besoins d\u2019industriels d\u00e9j\u00e0 orient\u00e9s \u00e0 l\u2019international, ainsi qu\u2019aux transporteurs de la vall\u00e9e du Rh\u00f4ne alors en plein essor. Aux d\u00e9but des ann\u00e9es 90, les cabinets Chomel et Dumas Chavane se rapprochent pour constituer Chomel Dumas Chavane. En 2018, Chomel Dumas Chavane devient Lyc\u00e9a Risks Solutions.<\/p>\n<p style=\"text-align: justify;\">Durant trois g\u00e9n\u00e9rations, Lyc\u00e9a Risks Solutions a \u00e9toff\u00e9 son portefeuille de courtiers partenaires sur toute la France, s\u2019est implant\u00e9 dans les DROM COM, et a d\u00e9velopp\u00e9 son offre sur les risques de transport et de logistique (assurance marchandises transport\u00e9es, assurance stock et transit, assurance des transporteurs \u2026), afin d\u2019apporter des solutions toujours plus pointues sur un march\u00e9 en \u00e9volution permanente.<\/p>\n<p style=\"text-align: justify;\">Fid\u00e8le \u00e0 sa vocation d\u2019apporter des solutions innovantes et qualitatives \u00e0 ses courtiers partenaires, Lyc\u00e9a Risks Solutions a d\u00e9velopp\u00e9 ces derni\u00e8res ann\u00e9es des nouvelles offres d\u00e9l\u00e9gu\u00e9es sur des risques sp\u00e9ciaux ou de niche, pour lesquels l\u2019offre du march\u00e9 est souvent trop restreinte ou trop contraignante. Lyc\u00e9a Risks Solutions se positionne d\u00e9sormais sur les risques de Protection Juridique, de Tous Risques Exposition, de Dommage Aux Biens, d\u2019Annulation d\u2019Ev\u00e8nement, de Tous Risques Bijoux, de Garantie d\u2019Objets d\u2019Arts, de Bris De Machine, etc.<\/p>\n<p style=\"text-align: justify;\">Face \u00e0 une demande croissante de ses partenaires et pour pouvoir leur apporter une solution globale, LRS propose depuis 2019 des solutions sur mesure en partenariat avec sa maison m\u00e8re, le cabinet de courtage Lycea.<\/p>\n[\/vc_column_text][vc_empty_space height=\u00a0\u00bb40px\u00a0\u00bb][\/vc_column_inner][vc_column_inner width=\u00a0\u00bb1\/2&Prime;]<style>.vcex-button.vcex_69ecc33d538ed{border-radius:0px;}<\/style><div class=\"vc_custom_1623929461881 wpex-clr\"><a href=\"https:\/\/lycea.fr\/courtier\/courtier-grossiste\/\" class=\"vcex-button theme-button small align-right inline bouton-devis vcex_69ecc33d538ed\"><span class=\"vcex-button-inner theme-button-inner wpex-flex wpex-flex-wrap wpex-items-center wpex-justify-center\">COURTIER GROSSISTE ET AGENT SOUSCRIPTEUR : 2 METIERS SOUVENT CONFONDUS<\/span><\/a><\/div> [vc_empty_space height=\u00a0\u00bb20px\u00a0\u00bb][vc_column_text css=\u00a0\u00bb.vc_custom_1623929412070{padding-top: 10px !important;padding-right: 10px !important;padding-bottom: 10px !important;padding-left: 10px !important;background-color: #0f4b64 !important;}\u00a0\u00bb]\n<p style=\"text-align: justify;\"><span style=\"color: #f37021;\">LE POSITIONNEMENT DE L&rsquo;AGENT SOUSCRIPTEUR DANS LA CHAINE DE DISTRIBUTION D&rsquo;ASSURANCE<\/span><\/p>\n<p><a href=\"https:\/\/mlqypjg5vbew.i.optimole.com\/w:auto\/h:auto\/q:mauto\/ig:avif\/https:\/\/lycea.fr\/courtier\/wp-content\/uploads\/2017\/08\/schema.jpg\"><img data-opt-id=1471111556  fetchpriority=\"high\" decoding=\"async\" class=\"alignnone size-full wp-image-5440\" src=\"https:\/\/mlqypjg5vbew.i.optimole.com\/w:auto\/h:auto\/q:mauto\/ig:avif\/https:\/\/lycea.fr\/courtier\/wp-content\/uploads\/2017\/08\/schema.jpg\" alt=\"\" width=\"1335\" height=\"359\" srcset=\"https:\/\/mlqypjg5vbew.i.optimole.com\/w:1335\/h:359\/q:mauto\/ig:avif\/https:\/\/lycea.fr\/courtier\/wp-content\/uploads\/2017\/08\/schema.jpg 1335w, https:\/\/mlqypjg5vbew.i.optimole.com\/w:300\/h:81\/q:mauto\/ig:avif\/https:\/\/lycea.fr\/courtier\/wp-content\/uploads\/2017\/08\/schema.jpg 300w, https:\/\/mlqypjg5vbew.i.optimole.com\/w:768\/h:207\/q:mauto\/ig:avif\/https:\/\/lycea.fr\/courtier\/wp-content\/uploads\/2017\/08\/schema.jpg 768w, https:\/\/mlqypjg5vbew.i.optimole.com\/w:1030\/h:277\/q:mauto\/ig:avif\/https:\/\/lycea.fr\/courtier\/wp-content\/uploads\/2017\/08\/schema.jpg 1030w\" sizes=\"(max-width: 980px) 100vw, 980px\" \/><\/a>[\/vc_column_text][\/vc_column_inner][\/vc_row_inner][\/vc_column][\/vc_row]\n<\/div>","protected":false},"excerpt":{"rendered":"<p>[vc_row content_placement=\u00a0\u00bbmiddle\u00a0\u00bb el_class=\u00a0\u00bbslider-accueil\u00a0\u00bb css=\u00a0\u00bb.vc_custom_1623921822714{background-image: url(https:\/\/mlqypjg5vbew.i.optimole.com\/w:auto\/h:auto\/q:mauto\/ig:avif\/https:\/\/lycea.fr\/courtier\/wp-content\/uploads\/2017\/08\/stock.jpg?id=4732) !important;background-position: center !important;background-repeat: no-repeat !important;background-size: cover !important;}\u00a0\u00bb][vc_column][\/vc_column][\/vc_row][vc_row content_placement=\u00a0\u00bbmiddle\u00a0\u00bb equal_height=\u00a0\u00bbyes\u00a0\u00bb max_width=\u00a0\u00bb80&Prime;][vc_column][vc_empty_space height=\u00a0\u00bb30px\u00a0\u00bb][vc_row_inner][vc_column_inner width=\u00a0\u00bb1\/2&Prime;][vc_column_text text_align=\u00a0\u00bbleft\u00a0\u00bb color=\u00a0\u00bb#ffffff\u00a0\u00bb]ESPACE CLIENTS[\/vc_column_text][vc_empty_space height=\u00a0\u00bb30px\u00a0\u00bb][\/vc_column_inner][vc_column_inner width=\u00a0\u00bb1\/2&Prime;][vc_empty_space height=\u00a0\u00bb20px\u00a0\u00bb][vc_column_text] [\/vc_column_text][vc_empty_space height=\u00a0\u00bb30px\u00a0\u00bb][\/vc_column_inner][\/vc_row_inner][\/vc_column][\/vc_row][vc_row max_width=\u00a0\u00bb80&Prime;][vc_column][vc_row_inner][vc_column_inner width=\u00a0\u00bb1\/2&Prime;][vc_column_text color=\u00a0\u00bb#0a0a0a\u00a0\u00bb] LYC\u00c9A RISKS SOLUTIONS [\/vc_column_text][vc_separator color=\u00a0\u00bbcustom\u00a0\u00bb align=\u00a0\u00bbalign_right\u00a0\u00bb border_width=\u00a0\u00bb2&Prime; el_width=\u00a0\u00bb30&Prime; accent_color=\u00a0\u00bb#e98011&Prime; css=\u00a0\u00bb.vc_custom_1623759426416{padding-top: 25px !important;padding-bottom: 25px !important;}\u00a0\u00bb][vc_empty_space height=\u00a0\u00bb20px\u00a0\u00bb][vc_column_text] Lyc\u00e9a Risks Solutions soci\u00e9t\u00e9 lyonnaise d\u2019assurance ayant le statut d\u2019agent souscripteur a&hellip;<\/p>\n","protected":false},"author":4,"featured_media":0,"parent":0,"menu_order":0,"comment_status":"closed","ping_status":"closed","template":"","meta":{"footnotes":""},"class_list":["post-4852","page","type-page","status-publish","hentry","entry","no-media"],"yoast_head":"<!-- This site is optimized with the Yoast SEO plugin v27.2 - https:\/\/yoast.com\/product\/yoast-seo-wordpress\/ -->\n<title>Pr\u00e9sentation - Lyc\u00e9a Courtier<\/title>\n<meta name=\"description\" content=\"Assurez-vous avec Lyc\u00e9a Solutions, votre partenaire d&#039;assurance depuis pr\u00e8s de cent ans.\" \/>\n<meta name=\"robots\" content=\"index, follow, max-snippet:-1, max-image-preview:large, max-video-preview:-1\" \/>\n<link rel=\"canonical\" href=\"https:\/\/lycea.fr\/courtier\/presentation\/\" \/>\n<meta property=\"og:locale\" content=\"fr_FR\" \/>\n<meta property=\"og:type\" content=\"article\" \/>\n<meta property=\"og:title\" content=\"Pr\u00e9sentation - Lyc\u00e9a Courtier\" \/>\n<meta property=\"og:description\" content=\"Assurez-vous avec Lyc\u00e9a Solutions, votre partenaire d&#039;assurance depuis pr\u00e8s de cent ans.\" \/>\n<meta property=\"og:url\" content=\"https:\/\/lycea.fr\/courtier\/presentation\/\" \/>\n<meta property=\"og:site_name\" content=\"Lyc\u00e9a Courtier\" \/>\n<meta property=\"article:modified_time\" content=\"2024-05-06T10:29:08+00:00\" \/>\n<meta property=\"og:image\" content=\"https:\/\/mlqypjg5vbew.i.optimole.com\/w:auto\/h:auto\/q:mauto\/ig:avif\/https:\/\/lycea.fr\/courtier\/wp-content\/uploads\/2017\/08\/schema.jpg\" \/>\n<meta name=\"twitter:card\" content=\"summary_large_image\" \/>\n<meta name=\"twitter:label1\" content=\"Dur\u00e9e de lecture estim\u00e9e\" \/>\n\t<meta name=\"twitter:data1\" content=\"3 minutes\" \/>\n<script type=\"application\/ld+json\" class=\"yoast-schema-graph\">{\"@context\":\"https:\/\/schema.org\",\"@graph\":[{\"@type\":\"WebPage\",\"@id\":\"https:\/\/lycea.fr\/courtier\/presentation\/\",\"url\":\"https:\/\/lycea.fr\/courtier\/presentation\/\",\"name\":\"Pr\u00e9sentation - Lyc\u00e9a Courtier\",\"isPartOf\":{\"@id\":\"https:\/\/lycea.fr\/courtier\/#website\"},\"primaryImageOfPage\":{\"@id\":\"https:\/\/lycea.fr\/courtier\/presentation\/#primaryimage\"},\"image\":{\"@id\":\"https:\/\/lycea.fr\/courtier\/presentation\/#primaryimage\"},\"thumbnailUrl\":\"https:\/\/mlqypjg5vbew.i.optimole.com\/w:auto\/h:auto\/q:mauto\/ig:avif\/https:\/\/lycea.fr\/courtier\/wp-content\/uploads\/2017\/08\/schema.jpg\",\"datePublished\":\"2017-08-31T07:20:07+00:00\",\"dateModified\":\"2024-05-06T10:29:08+00:00\",\"description\":\"Assurez-vous avec Lyc\u00e9a Solutions, votre partenaire d'assurance depuis pr\u00e8s de cent ans.\",\"breadcrumb\":{\"@id\":\"https:\/\/lycea.fr\/courtier\/presentation\/#breadcrumb\"},\"inLanguage\":\"fr-FR\",\"potentialAction\":[{\"@type\":\"ReadAction\",\"target\":[\"https:\/\/lycea.fr\/courtier\/presentation\/\"]}]},{\"@type\":\"ImageObject\",\"inLanguage\":\"fr-FR\",\"@id\":\"https:\/\/lycea.fr\/courtier\/presentation\/#primaryimage\",\"url\":\"https:\/\/mlqypjg5vbew.i.optimole.com\/w:auto\/h:auto\/q:mauto\/ig:avif\/https:\/\/lycea.fr\/courtier\/wp-content\/uploads\/2017\/08\/schema.jpg\",\"contentUrl\":\"https:\/\/mlqypjg5vbew.i.optimole.com\/w:auto\/h:auto\/q:mauto\/ig:avif\/https:\/\/lycea.fr\/courtier\/wp-content\/uploads\/2017\/08\/schema.jpg\"},{\"@type\":\"BreadcrumbList\",\"@id\":\"https:\/\/lycea.fr\/courtier\/presentation\/#breadcrumb\",\"itemListElement\":[{\"@type\":\"ListItem\",\"position\":1,\"name\":\"Accueil\",\"item\":\"https:\/\/lycea.fr\/courtier\/\"},{\"@type\":\"ListItem\",\"position\":2,\"name\":\"Pr\u00e9sentation\"}]},{\"@type\":\"WebSite\",\"@id\":\"https:\/\/lycea.fr\/courtier\/#website\",\"url\":\"https:\/\/lycea.fr\/courtier\/\",\"name\":\"Lyc\u00e9a Courtier\",\"description\":\"Agent souscripteur en assurances\",\"publisher\":{\"@id\":\"https:\/\/lycea.fr\/courtier\/#organization\"},\"potentialAction\":[{\"@type\":\"SearchAction\",\"target\":{\"@type\":\"EntryPoint\",\"urlTemplate\":\"https:\/\/lycea.fr\/courtier\/?s={search_term_string}\"},\"query-input\":{\"@type\":\"PropertyValueSpecification\",\"valueRequired\":true,\"valueName\":\"search_term_string\"}}],\"inLanguage\":\"fr-FR\"},{\"@type\":\"Organization\",\"@id\":\"https:\/\/lycea.fr\/courtier\/#organization\",\"name\":\"Lyc\u00e9a Courtier\",\"url\":\"https:\/\/lycea.fr\/courtier\/\",\"logo\":{\"@type\":\"ImageObject\",\"inLanguage\":\"fr-FR\",\"@id\":\"https:\/\/lycea.fr\/courtier\/#\/schema\/logo\/image\/\",\"url\":\"https:\/\/mlqypjg5vbew.i.optimole.com\/w:auto\/h:auto\/q:mauto\/ig:avif\/https:\/\/lycea.fr\/courtier\/wp-content\/uploads\/2021\/06\/logo-lycea.png\",\"contentUrl\":\"https:\/\/mlqypjg5vbew.i.optimole.com\/w:auto\/h:auto\/q:mauto\/ig:avif\/https:\/\/lycea.fr\/courtier\/wp-content\/uploads\/2021\/06\/logo-lycea.png\",\"width\":324,\"height\":116,\"caption\":\"Lyc\u00e9a Courtier\"},\"image\":{\"@id\":\"https:\/\/lycea.fr\/courtier\/#\/schema\/logo\/image\/\"}}]}<\/script>\n<!-- \/ Yoast SEO plugin. -->","yoast_head_json":{"title":"Pr\u00e9sentation - Lyc\u00e9a Courtier","description":"Assurez-vous avec Lyc\u00e9a Solutions, votre partenaire d'assurance depuis pr\u00e8s de cent ans.","robots":{"index":"index","follow":"follow","max-snippet":"max-snippet:-1","max-image-preview":"max-image-preview:large","max-video-preview":"max-video-preview:-1"},"canonical":"https:\/\/lycea.fr\/courtier\/presentation\/","og_locale":"fr_FR","og_type":"article","og_title":"Pr\u00e9sentation - Lyc\u00e9a Courtier","og_description":"Assurez-vous avec Lyc\u00e9a Solutions, votre partenaire d'assurance depuis pr\u00e8s de cent ans.","og_url":"https:\/\/lycea.fr\/courtier\/presentation\/","og_site_name":"Lyc\u00e9a Courtier","article_modified_time":"2024-05-06T10:29:08+00:00","og_image":[{"url":"https:\/\/mlqypjg5vbew.i.optimole.com\/w:auto\/h:auto\/q:mauto\/ig:avif\/https:\/\/lycea.fr\/courtier\/wp-content\/uploads\/2017\/08\/schema.jpg","type":"","width":"","height":""}],"twitter_card":"summary_large_image","twitter_misc":{"Dur\u00e9e de lecture estim\u00e9e":"3 minutes"},"schema":{"@context":"https:\/\/schema.org","@graph":[{"@type":"WebPage","@id":"https:\/\/lycea.fr\/courtier\/presentation\/","url":"https:\/\/lycea.fr\/courtier\/presentation\/","name":"Pr\u00e9sentation - Lyc\u00e9a Courtier","isPartOf":{"@id":"https:\/\/lycea.fr\/courtier\/#website"},"primaryImageOfPage":{"@id":"https:\/\/lycea.fr\/courtier\/presentation\/#primaryimage"},"image":{"@id":"https:\/\/lycea.fr\/courtier\/presentation\/#primaryimage"},"thumbnailUrl":"https:\/\/mlqypjg5vbew.i.optimole.com\/w:auto\/h:auto\/q:mauto\/ig:avif\/https:\/\/lycea.fr\/courtier\/wp-content\/uploads\/2017\/08\/schema.jpg","datePublished":"2017-08-31T07:20:07+00:00","dateModified":"2024-05-06T10:29:08+00:00","description":"Assurez-vous avec Lyc\u00e9a Solutions, votre partenaire d'assurance depuis pr\u00e8s de cent ans.","breadcrumb":{"@id":"https:\/\/lycea.fr\/courtier\/presentation\/#breadcrumb"},"inLanguage":"fr-FR","potentialAction":[{"@type":"ReadAction","target":["https:\/\/lycea.fr\/courtier\/presentation\/"]}]},{"@type":"ImageObject","inLanguage":"fr-FR","@id":"https:\/\/lycea.fr\/courtier\/presentation\/#primaryimage","url":"https:\/\/mlqypjg5vbew.i.optimole.com\/w:auto\/h:auto\/q:mauto\/ig:avif\/https:\/\/lycea.fr\/courtier\/wp-content\/uploads\/2017\/08\/schema.jpg","contentUrl":"https:\/\/mlqypjg5vbew.i.optimole.com\/w:auto\/h:auto\/q:mauto\/ig:avif\/https:\/\/lycea.fr\/courtier\/wp-content\/uploads\/2017\/08\/schema.jpg"},{"@type":"BreadcrumbList","@id":"https:\/\/lycea.fr\/courtier\/presentation\/#breadcrumb","itemListElement":[{"@type":"ListItem","position":1,"name":"Accueil","item":"https:\/\/lycea.fr\/courtier\/"},{"@type":"ListItem","position":2,"name":"Pr\u00e9sentation"}]},{"@type":"WebSite","@id":"https:\/\/lycea.fr\/courtier\/#website","url":"https:\/\/lycea.fr\/courtier\/","name":"Lyc\u00e9a Courtier","description":"Agent souscripteur en assurances","publisher":{"@id":"https:\/\/lycea.fr\/courtier\/#organization"},"potentialAction":[{"@type":"SearchAction","target":{"@type":"EntryPoint","urlTemplate":"https:\/\/lycea.fr\/courtier\/?s={search_term_string}"},"query-input":{"@type":"PropertyValueSpecification","valueRequired":true,"valueName":"search_term_string"}}],"inLanguage":"fr-FR"},{"@type":"Organization","@id":"https:\/\/lycea.fr\/courtier\/#organization","name":"Lyc\u00e9a Courtier","url":"https:\/\/lycea.fr\/courtier\/","logo":{"@type":"ImageObject","inLanguage":"fr-FR","@id":"https:\/\/lycea.fr\/courtier\/#\/schema\/logo\/image\/","url":"https:\/\/mlqypjg5vbew.i.optimole.com\/w:auto\/h:auto\/q:mauto\/ig:avif\/https:\/\/lycea.fr\/courtier\/wp-content\/uploads\/2021\/06\/logo-lycea.png","contentUrl":"https:\/\/mlqypjg5vbew.i.optimole.com\/w:auto\/h:auto\/q:mauto\/ig:avif\/https:\/\/lycea.fr\/courtier\/wp-content\/uploads\/2021\/06\/logo-lycea.png","width":324,"height":116,"caption":"Lyc\u00e9a Courtier"},"image":{"@id":"https:\/\/lycea.fr\/courtier\/#\/schema\/logo\/image\/"}}]}},"_links":{"self":[{"href":"https:\/\/lycea.fr\/courtier\/wp-json\/wp\/v2\/pages\/4852","targetHints":{"allow":["GET"]}}],"collection":[{"href":"https:\/\/lycea.fr\/courtier\/wp-json\/wp\/v2\/pages"}],"about":[{"href":"https:\/\/lycea.fr\/courtier\/wp-json\/wp\/v2\/types\/page"}],"author":[{"embeddable":true,"href":"https:\/\/lycea.fr\/courtier\/wp-json\/wp\/v2\/users\/4"}],"replies":[{"embeddable":true,"href":"https:\/\/lycea.fr\/courtier\/wp-json\/wp\/v2\/comments?post=4852"}],"version-history":[{"count":89,"href":"https:\/\/lycea.fr\/courtier\/wp-json\/wp\/v2\/pages\/4852\/revisions"}],"predecessor-version":[{"id":6427,"href":"https:\/\/lycea.fr\/courtier\/wp-json\/wp\/v2\/pages\/4852\/revisions\/6427"}],"wp:attachment":[{"href":"https:\/\/lycea.fr\/courtier\/wp-json\/wp\/v2\/media?parent=4852"}],"curies":[{"name":"wp","href":"https:\/\/api.w.org\/{rel}","templated":true}]}}